{"id":1037,"date":"2024-04-09T21:41:06","date_gmt":"2024-04-09T13:41:06","guid":{"rendered":"http:\/\/aoltextiles.com\/?post_type=product&#038;p=1037"},"modified":"2024-04-09T21:41:07","modified_gmt":"2024-04-09T13:41:07","slug":"solar-screen-fabric-by-the-yard","status":"publish","type":"product","link":"https:\/\/aoltextiles.com\/de\/product\/solar-screen-fabric-by-the-yard\/","title":{"rendered":"Sonnenschutzgewebe als Meterware"},"content":{"rendered":"<p>Unser Sonnenschutzgewebe als Meterware h\u00e4lt Innenr\u00e4ume k\u00fchl und komfortabel und l\u00e4sst gleichzeitig nat\u00fcrliches Licht durch. Es eignet sich perfekt zur Reduzierung von Blendeffekten und zum Schutz vor UV-Sch\u00e4den und ist ideal f\u00fcr Fensterbehandlungen, die die Energieeffizienz verbessern.<\/p>","protected":false},"excerpt":{"rendered":"<p>Maximale Energieeinsparung; elegante Lichtfilterung.<\/p>","protected":false},"featured_media":1040,"template":"","meta":{"_seopress_robots_primary_cat":"","_seopress_titles_title":"","_seopress_titles_desc":"","_seopress_robots_index":""},"product_cat":[34],"product_tag":[],"class_list":{"0":"post-1037","1":"product","2":"type-product","3":"status-publish","4":"has-post-thumbnail","6":"product_cat-shade-screen","8":"first","9":"instock","10":"shipping-taxable","11":"product-type-simple"},"_links":{"self":[{"href":"https:\/\/aoltextiles.com\/de\/wp-json\/wp\/v2\/product\/1037","targetHints":{"allow":["GET"]}}],"collection":[{"href":"https:\/\/aoltextiles.com\/de\/wp-json\/wp\/v2\/product"}],"about":[{"href":"https:\/\/aoltextiles.com\/de\/wp-json\/wp\/v2\/types\/product"}],"version-history":[{"count":1,"href":"https:\/\/aoltextiles.com\/de\/wp-json\/wp\/v2\/product\/1037\/revisions"}],"predecessor-version":[{"id":1044,"href":"https:\/\/aoltextiles.com\/de\/wp-json\/wp\/v2\/product\/1037\/revisions\/1044"}],"wp:featuredmedia":[{"embeddable":true,"href":"https:\/\/aoltextiles.com\/de\/wp-json\/wp\/v2\/media\/1040"}],"wp:attachment":[{"href":"https:\/\/aoltextiles.com\/de\/wp-json\/wp\/v2\/media?parent=1037"}],"wp:term":[{"taxonomy":"product_cat","embeddable":true,"href":"https:\/\/aoltextiles.com\/de\/wp-json\/wp\/v2\/product_cat?post=1037"},{"taxonomy":"product_tag","embeddable":true,"href":"https:\/\/aoltextiles.com\/de\/wp-json\/wp\/v2\/product_tag?post=1037"}],"curies":[{"name":"wp","href":"https:\/\/api.w.org\/{rel}","templated":true}]}}