{"id":1045,"date":"2024-04-09T21:44:44","date_gmt":"2024-04-09T13:44:44","guid":{"rendered":"http:\/\/aoltextiles.com\/?post_type=product&#038;p=1045"},"modified":"2024-04-09T21:44:44","modified_gmt":"2024-04-09T13:44:44","slug":"shade-fabric-uv-protection","status":"publish","type":"product","link":"https:\/\/aoltextiles.com\/de\/product\/shade-fabric-uv-protection\/","title":{"rendered":"Beschattungsgewebe UV-Schutz"},"content":{"rendered":"<p>Dieses Sonnenschutzgewebe bietet einen erstklassigen UV-Schutz und sorgt f\u00fcr einen k\u00fchlen, komfortablen Au\u00dfenbereich.<\/p>\n<p>Sein atmungsaktives Design l\u00e4sst die Luft zirkulieren und blockt gleichzeitig sch\u00e4dliche Strahlen ab. Damit eignet er sich perfekt f\u00fcr Terrassen, Spielpl\u00e4tze und G\u00e4rten, wo Sonnenschutz von gr\u00f6\u00dfter Bedeutung ist.<\/p>","protected":false},"excerpt":{"rendered":"<p>Sch\u00fctzt und k\u00fchlt mit hervorragendem UV-Schutz.<\/p>","protected":false},"featured_media":1048,"template":"","meta":{"_seopress_robots_primary_cat":"","_seopress_titles_title":"","_seopress_titles_desc":"","_seopress_robots_index":""},"product_cat":[34],"product_tag":[],"class_list":{"0":"post-1045","1":"product","2":"type-product","3":"status-publish","4":"has-post-thumbnail","6":"product_cat-shade-screen","8":"first","9":"instock","10":"shipping-taxable","11":"product-type-simple"},"_links":{"self":[{"href":"https:\/\/aoltextiles.com\/de\/wp-json\/wp\/v2\/product\/1045","targetHints":{"allow":["GET"]}}],"collection":[{"href":"https:\/\/aoltextiles.com\/de\/wp-json\/wp\/v2\/product"}],"about":[{"href":"https:\/\/aoltextiles.com\/de\/wp-json\/wp\/v2\/types\/product"}],"version-history":[{"count":1,"href":"https:\/\/aoltextiles.com\/de\/wp-json\/wp\/v2\/product\/1045\/revisions"}],"predecessor-version":[{"id":1052,"href":"https:\/\/aoltextiles.com\/de\/wp-json\/wp\/v2\/product\/1045\/revisions\/1052"}],"wp:featuredmedia":[{"embeddable":true,"href":"https:\/\/aoltextiles.com\/de\/wp-json\/wp\/v2\/media\/1048"}],"wp:attachment":[{"href":"https:\/\/aoltextiles.com\/de\/wp-json\/wp\/v2\/media?parent=1045"}],"wp:term":[{"taxonomy":"product_cat","embeddable":true,"href":"https:\/\/aoltextiles.com\/de\/wp-json\/wp\/v2\/product_cat?post=1045"},{"taxonomy":"product_tag","embeddable":true,"href":"https:\/\/aoltextiles.com\/de\/wp-json\/wp\/v2\/product_tag?post=1045"}],"curies":[{"name":"wp","href":"https:\/\/api.w.org\/{rel}","templated":true}]}}