{"id":1061,"date":"2024-04-09T21:50:09","date_gmt":"2024-04-09T13:50:09","guid":{"rendered":"http:\/\/aoltextiles.com\/?post_type=product&#038;p=1061"},"modified":"2024-04-09T21:50:09","modified_gmt":"2024-04-09T13:50:09","slug":"sunscreen-awning-fabric","status":"publish","type":"product","link":"https:\/\/aoltextiles.com\/de\/product\/sunscreen-awning-fabric\/","title":{"rendered":"Sonnenschutz Markisenstoff"},"content":{"rendered":"<p>Kombinieren Sie \u00c4sthetik mit Funktionalit\u00e4t mit unserem Sunscreen-Markisenstoff.<\/p>\n<p>Mit seinem au\u00dfergew\u00f6hnlichen UV-Schutz und seiner Wasserbest\u00e4ndigkeit eignet sich dieser Stoff perfekt f\u00fcr Markisen und Vord\u00e4cher, die den Lebensraum im Freien versch\u00f6nern und gleichzeitig den notwendigen Schatten und Wetterschutz bieten.<\/p>","protected":false},"excerpt":{"rendered":"<p>Bei diesem eleganten Markisenstoff trifft Stil auf Funktion.<\/p>","protected":false},"featured_media":1064,"template":"","meta":{"_seopress_robots_primary_cat":"","_seopress_titles_title":"","_seopress_titles_desc":"","_seopress_robots_index":""},"product_cat":[34],"product_tag":[],"class_list":{"0":"post-1061","1":"product","2":"type-product","3":"status-publish","4":"has-post-thumbnail","6":"product_cat-shade-screen","8":"first","9":"instock","10":"shipping-taxable","11":"product-type-simple"},"_links":{"self":[{"href":"https:\/\/aoltextiles.com\/de\/wp-json\/wp\/v2\/product\/1061","targetHints":{"allow":["GET"]}}],"collection":[{"href":"https:\/\/aoltextiles.com\/de\/wp-json\/wp\/v2\/product"}],"about":[{"href":"https:\/\/aoltextiles.com\/de\/wp-json\/wp\/v2\/types\/product"}],"version-history":[{"count":1,"href":"https:\/\/aoltextiles.com\/de\/wp-json\/wp\/v2\/product\/1061\/revisions"}],"predecessor-version":[{"id":1068,"href":"https:\/\/aoltextiles.com\/de\/wp-json\/wp\/v2\/product\/1061\/revisions\/1068"}],"wp:featuredmedia":[{"embeddable":true,"href":"https:\/\/aoltextiles.com\/de\/wp-json\/wp\/v2\/media\/1064"}],"wp:attachment":[{"href":"https:\/\/aoltextiles.com\/de\/wp-json\/wp\/v2\/media?parent=1061"}],"wp:term":[{"taxonomy":"product_cat","embeddable":true,"href":"https:\/\/aoltextiles.com\/de\/wp-json\/wp\/v2\/product_cat?post=1061"},{"taxonomy":"product_tag","embeddable":true,"href":"https:\/\/aoltextiles.com\/de\/wp-json\/wp\/v2\/product_tag?post=1061"}],"curies":[{"name":"wp","href":"https:\/\/api.w.org\/{rel}","templated":true}]}}