{"id":1109,"date":"2024-04-09T22:08:35","date_gmt":"2024-04-09T14:08:35","guid":{"rendered":"http:\/\/aoltextiles.com\/?post_type=product&#038;p=1109"},"modified":"2024-04-09T22:08:35","modified_gmt":"2024-04-09T14:08:35","slug":"textilene-sunshades","status":"publish","type":"product","link":"https:\/\/aoltextiles.com\/de\/product\/textilene-sunshades\/","title":{"rendered":"Textilene Sonnenschirme"},"content":{"rendered":"<p>Textilene-Sonnenschirme sind der Ma\u00dfstab f\u00fcr dauerhafte Beschattungsl\u00f6sungen im Freien.<\/p>\n<p>Diese Sonnenschirme sind f\u00fcr ihre Robustheit und UV-Best\u00e4ndigkeit bekannt und bieten zuverl\u00e4ssigen Schutz und Komfort in Au\u00dfenbereichen, so dass Sie Ihren Raum bei jedem Wetter genie\u00dfen k\u00f6nnen.<\/p>","protected":false},"excerpt":{"rendered":"<p>Die erste Wahl f\u00fcr dauerhaften Sonnenschutz.<\/p>","protected":false},"featured_media":1112,"template":"","meta":{"_seopress_robots_primary_cat":"","_seopress_titles_title":"","_seopress_titles_desc":"","_seopress_robots_index":""},"product_cat":[34],"product_tag":[],"class_list":{"0":"post-1109","1":"product","2":"type-product","3":"status-publish","4":"has-post-thumbnail","6":"product_cat-shade-screen","8":"first","9":"instock","10":"shipping-taxable","11":"product-type-simple"},"_links":{"self":[{"href":"https:\/\/aoltextiles.com\/de\/wp-json\/wp\/v2\/product\/1109","targetHints":{"allow":["GET"]}}],"collection":[{"href":"https:\/\/aoltextiles.com\/de\/wp-json\/wp\/v2\/product"}],"about":[{"href":"https:\/\/aoltextiles.com\/de\/wp-json\/wp\/v2\/types\/product"}],"version-history":[{"count":1,"href":"https:\/\/aoltextiles.com\/de\/wp-json\/wp\/v2\/product\/1109\/revisions"}],"predecessor-version":[{"id":1116,"href":"https:\/\/aoltextiles.com\/de\/wp-json\/wp\/v2\/product\/1109\/revisions\/1116"}],"wp:featuredmedia":[{"embeddable":true,"href":"https:\/\/aoltextiles.com\/de\/wp-json\/wp\/v2\/media\/1112"}],"wp:attachment":[{"href":"https:\/\/aoltextiles.com\/de\/wp-json\/wp\/v2\/media?parent=1109"}],"wp:term":[{"taxonomy":"product_cat","embeddable":true,"href":"https:\/\/aoltextiles.com\/de\/wp-json\/wp\/v2\/product_cat?post=1109"},{"taxonomy":"product_tag","embeddable":true,"href":"https:\/\/aoltextiles.com\/de\/wp-json\/wp\/v2\/product_tag?post=1109"}],"curies":[{"name":"wp","href":"https:\/\/api.w.org\/{rel}","templated":true}]}}