{"id":1126,"date":"2024-04-09T22:14:54","date_gmt":"2024-04-09T14:14:54","guid":{"rendered":"http:\/\/aoltextiles.com\/?post_type=product&#038;p=1126"},"modified":"2024-04-09T22:14:54","modified_gmt":"2024-04-09T14:14:54","slug":"screen-and-mesh-fabric","status":"publish","type":"product","link":"https:\/\/aoltextiles.com\/de\/product\/screen-and-mesh-fabric\/","title":{"rendered":"Sieb- und Maschengewebe"},"content":{"rendered":"<p>Unser Screen- und Mesh-Gewebe ist perfekt f\u00fcr alle, die Wert auf Funktionalit\u00e4t und \u00c4sthetik in ihren Au\u00dfenbereichen legen.<\/p>\n<p>Dieses Gewebe ist ideal f\u00fcr Insektenschutzgitter, Haustierschutzgitter und Beschattungsanwendungen und bietet Haltbarkeit und Sichtbarkeit, damit Ihr Raum gesch\u00fctzt und komfortabel ist.<\/p>","protected":false},"excerpt":{"rendered":"<p>Vielseitiger Stoff f\u00fcr Paravents und mehr.<\/p>","protected":false},"featured_media":1129,"template":"","meta":{"_seopress_robots_primary_cat":"","_seopress_titles_title":"","_seopress_titles_desc":"","_seopress_robots_index":""},"product_cat":[34],"product_tag":[],"class_list":{"0":"post-1126","1":"product","2":"type-product","3":"status-publish","4":"has-post-thumbnail","6":"product_cat-shade-screen","8":"first","9":"instock","10":"shipping-taxable","11":"product-type-simple"},"_links":{"self":[{"href":"https:\/\/aoltextiles.com\/de\/wp-json\/wp\/v2\/product\/1126","targetHints":{"allow":["GET"]}}],"collection":[{"href":"https:\/\/aoltextiles.com\/de\/wp-json\/wp\/v2\/product"}],"about":[{"href":"https:\/\/aoltextiles.com\/de\/wp-json\/wp\/v2\/types\/product"}],"version-history":[{"count":1,"href":"https:\/\/aoltextiles.com\/de\/wp-json\/wp\/v2\/product\/1126\/revisions"}],"predecessor-version":[{"id":1133,"href":"https:\/\/aoltextiles.com\/de\/wp-json\/wp\/v2\/product\/1126\/revisions\/1133"}],"wp:featuredmedia":[{"embeddable":true,"href":"https:\/\/aoltextiles.com\/de\/wp-json\/wp\/v2\/media\/1129"}],"wp:attachment":[{"href":"https:\/\/aoltextiles.com\/de\/wp-json\/wp\/v2\/media?parent=1126"}],"wp:term":[{"taxonomy":"product_cat","embeddable":true,"href":"https:\/\/aoltextiles.com\/de\/wp-json\/wp\/v2\/product_cat?post=1126"},{"taxonomy":"product_tag","embeddable":true,"href":"https:\/\/aoltextiles.com\/de\/wp-json\/wp\/v2\/product_tag?post=1126"}],"curies":[{"name":"wp","href":"https:\/\/api.w.org\/{rel}","templated":true}]}}