{"id":1149,"date":"2024-04-10T20:44:25","date_gmt":"2024-04-10T12:44:25","guid":{"rendered":"http:\/\/aoltextiles.com\/?post_type=product&#038;p=1149"},"modified":"2024-04-10T20:44:25","modified_gmt":"2024-04-10T12:44:25","slug":"pvc-mesh-for-outdoor-chair","status":"publish","type":"product","link":"https:\/\/aoltextiles.com\/de\/product\/pvc-mesh-for-outdoor-chair\/","title":{"rendered":"PVC-Netz f\u00fcr Outdoor-Stuhl"},"content":{"rendered":"<p>Mit unserem PVC-Gewebe f\u00fcr Au\u00dfenst\u00fchle r\u00fccken Haltbarkeit und Komfort in den Vordergrund des Designs von Au\u00dfenm\u00f6beln. Dieses dicht gewebte Gewebe gew\u00e4hrleistet Langlebigkeit und Wetterbest\u00e4ndigkeit und ist somit ideal f\u00fcr die Schaffung hochwertiger, komfortabler Sitzgelegenheiten, die ihr Aussehen auch nach vielen Jahren noch bewahren.<\/p>","protected":false},"excerpt":{"rendered":"<p>Erh\u00f6hen Sie die Sitzgelegenheiten im Freien mit strapazierf\u00e4higem Netzgewebe\u3002.<\/p>","protected":false},"featured_media":1152,"template":"","meta":{"_seopress_robots_primary_cat":"","_seopress_titles_title":"","_seopress_titles_desc":"","_seopress_robots_index":""},"product_cat":[21],"product_tag":[],"class_list":{"0":"post-1149","1":"product","2":"type-product","3":"status-publish","4":"has-post-thumbnail","6":"product_cat-pvc-woven-mesh","8":"first","9":"instock","10":"shipping-taxable","11":"product-type-simple"},"_links":{"self":[{"href":"https:\/\/aoltextiles.com\/de\/wp-json\/wp\/v2\/product\/1149","targetHints":{"allow":["GET"]}}],"collection":[{"href":"https:\/\/aoltextiles.com\/de\/wp-json\/wp\/v2\/product"}],"about":[{"href":"https:\/\/aoltextiles.com\/de\/wp-json\/wp\/v2\/types\/product"}],"version-history":[{"count":1,"href":"https:\/\/aoltextiles.com\/de\/wp-json\/wp\/v2\/product\/1149\/revisions"}],"predecessor-version":[{"id":1337,"href":"https:\/\/aoltextiles.com\/de\/wp-json\/wp\/v2\/product\/1149\/revisions\/1337"}],"wp:featuredmedia":[{"embeddable":true,"href":"https:\/\/aoltextiles.com\/de\/wp-json\/wp\/v2\/media\/1152"}],"wp:attachment":[{"href":"https:\/\/aoltextiles.com\/de\/wp-json\/wp\/v2\/media?parent=1149"}],"wp:term":[{"taxonomy":"product_cat","embeddable":true,"href":"https:\/\/aoltextiles.com\/de\/wp-json\/wp\/v2\/product_cat?post=1149"},{"taxonomy":"product_tag","embeddable":true,"href":"https:\/\/aoltextiles.com\/de\/wp-json\/wp\/v2\/product_tag?post=1149"}],"curies":[{"name":"wp","href":"https:\/\/api.w.org\/{rel}","templated":true}]}}