{"id":1342,"date":"2024-04-10T20:48:06","date_gmt":"2024-04-10T12:48:06","guid":{"rendered":"http:\/\/aoltextiles.com\/?post_type=product&#038;p=1342"},"modified":"2024-04-10T20:48:06","modified_gmt":"2024-04-10T12:48:06","slug":"pvc-coated-polyester-mesh-fibers","status":"publish","type":"product","link":"https:\/\/aoltextiles.com\/de\/product\/pvc-coated-polyester-mesh-fibers\/","title":{"rendered":"PVC-beschichtete Polyester-Gewebefasern"},"content":{"rendered":"<p>Unsere PVC-beschichteten Polyestergewebe wurden f\u00fcr extreme Bedingungen entwickelt und bieten eine hervorragende Festigkeit und Vielseitigkeit.<\/p>\n<p>Dieser Stoff ist ideal f\u00fcr industrielle Anwendungen, Au\u00dfenm\u00f6bel und alle Projekte, die ein Material erfordern, das Witterungseinfl\u00fcssen, Abnutzung und Sonneneinstrahlung standh\u00e4lt, ohne Kompromisse bei der Leistung einzugehen.<\/p>","protected":false},"excerpt":{"rendered":"<p>F\u00fcr Projekte, die die h\u00e4rtesten Materialien erfordern.<\/p>","protected":false},"featured_media":1164,"template":"","meta":{"_seopress_robots_primary_cat":"","_seopress_titles_title":"","_seopress_titles_desc":"","_seopress_robots_index":""},"product_cat":[21],"product_tag":[],"class_list":{"0":"post-1342","1":"product","2":"type-product","3":"status-publish","4":"has-post-thumbnail","6":"product_cat-pvc-woven-mesh","8":"first","9":"instock","10":"shipping-taxable","11":"product-type-simple"},"_links":{"self":[{"href":"https:\/\/aoltextiles.com\/de\/wp-json\/wp\/v2\/product\/1342","targetHints":{"allow":["GET"]}}],"collection":[{"href":"https:\/\/aoltextiles.com\/de\/wp-json\/wp\/v2\/product"}],"about":[{"href":"https:\/\/aoltextiles.com\/de\/wp-json\/wp\/v2\/types\/product"}],"version-history":[{"count":1,"href":"https:\/\/aoltextiles.com\/de\/wp-json\/wp\/v2\/product\/1342\/revisions"}],"predecessor-version":[{"id":1345,"href":"https:\/\/aoltextiles.com\/de\/wp-json\/wp\/v2\/product\/1342\/revisions\/1345"}],"wp:featuredmedia":[{"embeddable":true,"href":"https:\/\/aoltextiles.com\/de\/wp-json\/wp\/v2\/media\/1164"}],"wp:attachment":[{"href":"https:\/\/aoltextiles.com\/de\/wp-json\/wp\/v2\/media?parent=1342"}],"wp:term":[{"taxonomy":"product_cat","embeddable":true,"href":"https:\/\/aoltextiles.com\/de\/wp-json\/wp\/v2\/product_cat?post=1342"},{"taxonomy":"product_tag","embeddable":true,"href":"https:\/\/aoltextiles.com\/de\/wp-json\/wp\/v2\/product_tag?post=1342"}],"curies":[{"name":"wp","href":"https:\/\/api.w.org\/{rel}","templated":true}]}}