{"id":1354,"date":"2024-04-10T20:52:54","date_gmt":"2024-04-10T12:52:54","guid":{"rendered":"http:\/\/aoltextiles.com\/?post_type=product&#038;p=1354"},"modified":"2024-04-10T20:52:54","modified_gmt":"2024-04-10T12:52:54","slug":"pvc-coated-polyester-mesh-fabric","status":"publish","type":"product","link":"https:\/\/aoltextiles.com\/de\/product\/pvc-coated-polyester-mesh-fabric\/","title":{"rendered":"PVC-beschichtetes Polyester-Gewebe"},"content":{"rendered":"<p>PVC-beschichtetes Polyestergewebe setzt den Standard f\u00fcr Outdoor-Textilien.<\/p>\n<p>Mit seiner bemerkenswerten Festigkeit und Witterungsbest\u00e4ndigkeit eignet sich dieser Stoff perfekt f\u00fcr Anwendungen, die ein H\u00f6chstma\u00df an Strapazierf\u00e4higkeit erfordern, von Schiffspolstern bis hin zu M\u00f6beln f\u00fcr den Au\u00dfenbereich, und bietet dauerhafte Sch\u00f6nheit und Leistung in anspruchsvollen Umgebungen.<\/p>","protected":false},"excerpt":{"rendered":"<p>Der Ma\u00dfstab in der Outdoor-Stofftechnologie.<\/p>","protected":false},"featured_media":1177,"template":"","meta":{"_seopress_robots_primary_cat":"","_seopress_titles_title":"","_seopress_titles_desc":"","_seopress_robots_index":""},"product_cat":[21],"product_tag":[],"class_list":{"0":"post-1354","1":"product","2":"type-product","3":"status-publish","4":"has-post-thumbnail","6":"product_cat-pvc-woven-mesh","8":"first","9":"instock","10":"shipping-taxable","11":"product-type-simple"},"_links":{"self":[{"href":"https:\/\/aoltextiles.com\/de\/wp-json\/wp\/v2\/product\/1354","targetHints":{"allow":["GET"]}}],"collection":[{"href":"https:\/\/aoltextiles.com\/de\/wp-json\/wp\/v2\/product"}],"about":[{"href":"https:\/\/aoltextiles.com\/de\/wp-json\/wp\/v2\/types\/product"}],"version-history":[{"count":1,"href":"https:\/\/aoltextiles.com\/de\/wp-json\/wp\/v2\/product\/1354\/revisions"}],"predecessor-version":[{"id":1357,"href":"https:\/\/aoltextiles.com\/de\/wp-json\/wp\/v2\/product\/1354\/revisions\/1357"}],"wp:featuredmedia":[{"embeddable":true,"href":"https:\/\/aoltextiles.com\/de\/wp-json\/wp\/v2\/media\/1177"}],"wp:attachment":[{"href":"https:\/\/aoltextiles.com\/de\/wp-json\/wp\/v2\/media?parent=1354"}],"wp:term":[{"taxonomy":"product_cat","embeddable":true,"href":"https:\/\/aoltextiles.com\/de\/wp-json\/wp\/v2\/product_cat?post=1354"},{"taxonomy":"product_tag","embeddable":true,"href":"https:\/\/aoltextiles.com\/de\/wp-json\/wp\/v2\/product_tag?post=1354"}],"curies":[{"name":"wp","href":"https:\/\/api.w.org\/{rel}","templated":true}]}}