{"id":1358,"date":"2024-04-10T20:54:37","date_gmt":"2024-04-10T12:54:37","guid":{"rendered":"http:\/\/aoltextiles.com\/?post_type=product&#038;p=1358"},"modified":"2024-04-10T20:54:37","modified_gmt":"2024-04-10T12:54:37","slug":"pvc-woven-mesh-batyline-mesh","status":"publish","type":"product","link":"https:\/\/aoltextiles.com\/de\/product\/pvc-woven-mesh-batyline-mesh\/","title":{"rendered":"PVC-Gewebe Batyline-Gewebe"},"content":{"rendered":"<p>Batyline Mesh mit seiner PVC-Beschichtung ist der Inbegriff eines modernen Outdoor-Gewebes. Dank seines eleganten Aussehens und seiner hohen Zugfestigkeit eignet es sich ideal f\u00fcr moderne M\u00f6bel, die den Elementen und starker Beanspruchung standhalten m\u00fcssen und dabei \u00fcber Jahre hinweg ihr Aussehen und ihren Komfort behalten sollen.<\/p>","protected":false},"excerpt":{"rendered":"<p>Elegant, modern und langlebig.<\/p>","protected":false},"featured_media":1179,"template":"","meta":{"_seopress_robots_primary_cat":"","_seopress_titles_title":"","_seopress_titles_desc":"","_seopress_robots_index":""},"product_cat":[21],"product_tag":[],"class_list":{"0":"post-1358","1":"product","2":"type-product","3":"status-publish","4":"has-post-thumbnail","6":"product_cat-pvc-woven-mesh","8":"first","9":"instock","10":"shipping-taxable","11":"product-type-simple"},"_links":{"self":[{"href":"https:\/\/aoltextiles.com\/de\/wp-json\/wp\/v2\/product\/1358","targetHints":{"allow":["GET"]}}],"collection":[{"href":"https:\/\/aoltextiles.com\/de\/wp-json\/wp\/v2\/product"}],"about":[{"href":"https:\/\/aoltextiles.com\/de\/wp-json\/wp\/v2\/types\/product"}],"version-history":[{"count":1,"href":"https:\/\/aoltextiles.com\/de\/wp-json\/wp\/v2\/product\/1358\/revisions"}],"predecessor-version":[{"id":1361,"href":"https:\/\/aoltextiles.com\/de\/wp-json\/wp\/v2\/product\/1358\/revisions\/1361"}],"wp:featuredmedia":[{"embeddable":true,"href":"https:\/\/aoltextiles.com\/de\/wp-json\/wp\/v2\/media\/1179"}],"wp:attachment":[{"href":"https:\/\/aoltextiles.com\/de\/wp-json\/wp\/v2\/media?parent=1358"}],"wp:term":[{"taxonomy":"product_cat","embeddable":true,"href":"https:\/\/aoltextiles.com\/de\/wp-json\/wp\/v2\/product_cat?post=1358"},{"taxonomy":"product_tag","embeddable":true,"href":"https:\/\/aoltextiles.com\/de\/wp-json\/wp\/v2\/product_tag?post=1358"}],"curies":[{"name":"wp","href":"https:\/\/api.w.org\/{rel}","templated":true}]}}