{"id":1362,"date":"2024-04-10T20:55:57","date_gmt":"2024-04-10T12:55:57","guid":{"rendered":"http:\/\/aoltextiles.com\/?post_type=product&#038;p=1362"},"modified":"2024-04-10T20:55:58","modified_gmt":"2024-04-10T12:55:58","slug":"multi-color-pvc-coated-mesh","status":"publish","type":"product","link":"https:\/\/aoltextiles.com\/de\/product\/multi-color-pvc-coated-mesh\/","title":{"rendered":"Mehrfarbiges PVC-beschichtetes Netz"},"content":{"rendered":"<p>Bringen Sie Farbe in Ihren Au\u00dfenbereich mit unserem PVC-beschichteten Multi Color Mesh. Dieses lebendige, langlebige Material eignet sich perfekt f\u00fcr die Gestaltung auff\u00e4lliger M\u00f6bel oder Akzente, die Sonne, Regen und Abnutzung standhalten und eine einzigartige M\u00f6glichkeit bieten, Au\u00dfenbereiche mit Flair und Funktion zu gestalten.<\/p>","protected":false},"excerpt":{"rendered":"<p>Bringen Sie Farbe und Leben in den Au\u00dfenbereich.<\/p>","protected":false},"featured_media":1334,"template":"","meta":{"_seopress_robots_primary_cat":"","_seopress_titles_title":"","_seopress_titles_desc":"","_seopress_robots_index":""},"product_cat":[21],"product_tag":[],"class_list":{"0":"post-1362","1":"product","2":"type-product","3":"status-publish","4":"has-post-thumbnail","6":"product_cat-pvc-woven-mesh","8":"first","9":"instock","10":"shipping-taxable","11":"product-type-simple"},"_links":{"self":[{"href":"https:\/\/aoltextiles.com\/de\/wp-json\/wp\/v2\/product\/1362","targetHints":{"allow":["GET"]}}],"collection":[{"href":"https:\/\/aoltextiles.com\/de\/wp-json\/wp\/v2\/product"}],"about":[{"href":"https:\/\/aoltextiles.com\/de\/wp-json\/wp\/v2\/types\/product"}],"version-history":[{"count":1,"href":"https:\/\/aoltextiles.com\/de\/wp-json\/wp\/v2\/product\/1362\/revisions"}],"predecessor-version":[{"id":1365,"href":"https:\/\/aoltextiles.com\/de\/wp-json\/wp\/v2\/product\/1362\/revisions\/1365"}],"wp:featuredmedia":[{"embeddable":true,"href":"https:\/\/aoltextiles.com\/de\/wp-json\/wp\/v2\/media\/1334"}],"wp:attachment":[{"href":"https:\/\/aoltextiles.com\/de\/wp-json\/wp\/v2\/media?parent=1362"}],"wp:term":[{"taxonomy":"product_cat","embeddable":true,"href":"https:\/\/aoltextiles.com\/de\/wp-json\/wp\/v2\/product_cat?post=1362"},{"taxonomy":"product_tag","embeddable":true,"href":"https:\/\/aoltextiles.com\/de\/wp-json\/wp\/v2\/product_tag?post=1362"}],"curies":[{"name":"wp","href":"https:\/\/api.w.org\/{rel}","templated":true}]}}