{"id":1370,"date":"2024-04-10T20:59:09","date_gmt":"2024-04-10T12:59:09","guid":{"rendered":"http:\/\/aoltextiles.com\/?post_type=product&#038;p=1370"},"modified":"2024-04-10T20:59:10","modified_gmt":"2024-04-10T12:59:10","slug":"pvc-coated-polyester-yarn","status":"publish","type":"product","link":"https:\/\/aoltextiles.com\/de\/product\/pvc-coated-polyester-yarn\/","title":{"rendered":"PVC-beschichtetes Polyester-Garn"},"content":{"rendered":"<p>Unser PVC-beschichtetes Polyestergarn ist die wichtigste Zutat f\u00fcr die Herstellung robuster Outdoor-Stoffe. Es eignet sich ideal zum Weben verschiedener Textilien und bietet die n\u00f6tige Strapazierf\u00e4higkeit f\u00fcr Outdoor-M\u00f6bel, Markisen und vieles mehr. So k\u00f6nnen Sie sicherstellen, dass Ihre Kreationen der Zeit und den Elementen problemlos standhalten.<\/p>","protected":false},"excerpt":{"rendered":"<p>Die Grundlage f\u00fcr langlebige Outdoor-Textilien.<\/p>","protected":false},"featured_media":1228,"template":"","meta":{"_seopress_robots_primary_cat":"","_seopress_titles_title":"","_seopress_titles_desc":"","_seopress_robots_index":""},"product_cat":[21],"product_tag":[],"class_list":{"0":"post-1370","1":"product","2":"type-product","3":"status-publish","4":"has-post-thumbnail","6":"product_cat-pvc-woven-mesh","8":"first","9":"instock","10":"shipping-taxable","11":"product-type-simple"},"_links":{"self":[{"href":"https:\/\/aoltextiles.com\/de\/wp-json\/wp\/v2\/product\/1370","targetHints":{"allow":["GET"]}}],"collection":[{"href":"https:\/\/aoltextiles.com\/de\/wp-json\/wp\/v2\/product"}],"about":[{"href":"https:\/\/aoltextiles.com\/de\/wp-json\/wp\/v2\/types\/product"}],"version-history":[{"count":1,"href":"https:\/\/aoltextiles.com\/de\/wp-json\/wp\/v2\/product\/1370\/revisions"}],"predecessor-version":[{"id":1373,"href":"https:\/\/aoltextiles.com\/de\/wp-json\/wp\/v2\/product\/1370\/revisions\/1373"}],"wp:featuredmedia":[{"embeddable":true,"href":"https:\/\/aoltextiles.com\/de\/wp-json\/wp\/v2\/media\/1228"}],"wp:attachment":[{"href":"https:\/\/aoltextiles.com\/de\/wp-json\/wp\/v2\/media?parent=1370"}],"wp:term":[{"taxonomy":"product_cat","embeddable":true,"href":"https:\/\/aoltextiles.com\/de\/wp-json\/wp\/v2\/product_cat?post=1370"},{"taxonomy":"product_tag","embeddable":true,"href":"https:\/\/aoltextiles.com\/de\/wp-json\/wp\/v2\/product_tag?post=1370"}],"curies":[{"name":"wp","href":"https:\/\/api.w.org\/{rel}","templated":true}]}}