{"id":1380,"date":"2024-04-10T21:02:37","date_gmt":"2024-04-10T13:02:37","guid":{"rendered":"http:\/\/aoltextiles.com\/?post_type=product&#038;p=1380"},"modified":"2024-04-10T21:02:37","modified_gmt":"2024-04-10T13:02:37","slug":"pvc-coated-woven-polyester-mesh","status":"publish","type":"product","link":"https:\/\/aoltextiles.com\/de\/product\/pvc-coated-woven-polyester-mesh\/","title":{"rendered":"PVC-beschichtetes gewebtes Polyestergewebe"},"content":{"rendered":"<p>PVC-beschichtetes Polyestergewebe ist die ultimative Wahl f\u00fcr Au\u00dfenanwendungen, die ein H\u00f6chstma\u00df an Haltbarkeit erfordern. Ob f\u00fcr die Schifffahrt, f\u00fcr Au\u00dfenm\u00f6bel oder f\u00fcr Schutzabdeckungen, dieses Gewebe bietet eine au\u00dfergew\u00f6hnliche Best\u00e4ndigkeit gegen Rei\u00dfen, UV-Sch\u00e4den und Witterungseinfl\u00fcsse und gew\u00e4hrleistet optimale Leistung in jeder Situation.<\/p>","protected":false},"excerpt":{"rendered":"<p>Unerreichte St\u00e4rke f\u00fcr anspruchsvolle Umgebungen.<\/p>","protected":false},"featured_media":1185,"template":"","meta":{"_seopress_robots_primary_cat":"","_seopress_titles_title":"","_seopress_titles_desc":"","_seopress_robots_index":""},"product_cat":[21],"product_tag":[],"class_list":{"0":"post-1380","1":"product","2":"type-product","3":"status-publish","4":"has-post-thumbnail","6":"product_cat-pvc-woven-mesh","8":"first","9":"instock","10":"shipping-taxable","11":"product-type-simple"},"_links":{"self":[{"href":"https:\/\/aoltextiles.com\/de\/wp-json\/wp\/v2\/product\/1380","targetHints":{"allow":["GET"]}}],"collection":[{"href":"https:\/\/aoltextiles.com\/de\/wp-json\/wp\/v2\/product"}],"about":[{"href":"https:\/\/aoltextiles.com\/de\/wp-json\/wp\/v2\/types\/product"}],"version-history":[{"count":2,"href":"https:\/\/aoltextiles.com\/de\/wp-json\/wp\/v2\/product\/1380\/revisions"}],"predecessor-version":[{"id":1385,"href":"https:\/\/aoltextiles.com\/de\/wp-json\/wp\/v2\/product\/1380\/revisions\/1385"}],"wp:featuredmedia":[{"embeddable":true,"href":"https:\/\/aoltextiles.com\/de\/wp-json\/wp\/v2\/media\/1185"}],"wp:attachment":[{"href":"https:\/\/aoltextiles.com\/de\/wp-json\/wp\/v2\/media?parent=1380"}],"wp:term":[{"taxonomy":"product_cat","embeddable":true,"href":"https:\/\/aoltextiles.com\/de\/wp-json\/wp\/v2\/product_cat?post=1380"},{"taxonomy":"product_tag","embeddable":true,"href":"https:\/\/aoltextiles.com\/de\/wp-json\/wp\/v2\/product_tag?post=1380"}],"curies":[{"name":"wp","href":"https:\/\/api.w.org\/{rel}","templated":true}]}}