{"id":1384,"date":"2024-04-10T21:04:47","date_gmt":"2024-04-10T13:04:47","guid":{"rendered":"http:\/\/aoltextiles.com\/?post_type=product&#038;p=1384"},"modified":"2024-04-10T21:04:47","modified_gmt":"2024-04-10T13:04:47","slug":"pvc-mesh-for-truck-tarp","status":"publish","type":"product","link":"https:\/\/aoltextiles.com\/de\/product\/pvc-mesh-for-truck-tarp\/","title":{"rendered":"PVC-Netz f\u00fcr LKW-Plane"},"content":{"rendered":"<p>Unser PVC-Netz f\u00fcr LKW-Planen ist so konzipiert, dass es die Ladung mit seiner haltbaren, rei\u00dffesten Konstruktion vor Witterungseinfl\u00fcssen und Verschlei\u00df sch\u00fctzt. Sie sorgt daf\u00fcr, dass Ihre Ladung sicher ist, und ist damit ein unverzichtbares Hilfsmittel f\u00fcr Transport und Logistik.<\/p>","protected":false},"excerpt":{"rendered":"<p>Er ist auf Langlebigkeit und Sicherheit ausgelegt und eignet sich perfekt f\u00fcr die Sicherung von Ladungen.<\/p>","protected":false},"featured_media":1189,"template":"","meta":{"_seopress_robots_primary_cat":"","_seopress_titles_title":"","_seopress_titles_desc":"","_seopress_robots_index":""},"product_cat":[35],"product_tag":[],"class_list":{"0":"post-1384","1":"product","2":"type-product","3":"status-publish","4":"has-post-thumbnail","6":"product_cat-truck-cover-mesh","8":"first","9":"instock","10":"shipping-taxable","11":"product-type-simple"},"_links":{"self":[{"href":"https:\/\/aoltextiles.com\/de\/wp-json\/wp\/v2\/product\/1384","targetHints":{"allow":["GET"]}}],"collection":[{"href":"https:\/\/aoltextiles.com\/de\/wp-json\/wp\/v2\/product"}],"about":[{"href":"https:\/\/aoltextiles.com\/de\/wp-json\/wp\/v2\/types\/product"}],"version-history":[{"count":1,"href":"https:\/\/aoltextiles.com\/de\/wp-json\/wp\/v2\/product\/1384\/revisions"}],"predecessor-version":[{"id":1388,"href":"https:\/\/aoltextiles.com\/de\/wp-json\/wp\/v2\/product\/1384\/revisions\/1388"}],"wp:featuredmedia":[{"embeddable":true,"href":"https:\/\/aoltextiles.com\/de\/wp-json\/wp\/v2\/media\/1189"}],"wp:attachment":[{"href":"https:\/\/aoltextiles.com\/de\/wp-json\/wp\/v2\/media?parent=1384"}],"wp:term":[{"taxonomy":"product_cat","embeddable":true,"href":"https:\/\/aoltextiles.com\/de\/wp-json\/wp\/v2\/product_cat?post=1384"},{"taxonomy":"product_tag","embeddable":true,"href":"https:\/\/aoltextiles.com\/de\/wp-json\/wp\/v2\/product_tag?post=1384"}],"curies":[{"name":"wp","href":"https:\/\/api.w.org\/{rel}","templated":true}]}}