{"id":1397,"date":"2024-04-10T21:13:52","date_gmt":"2024-04-10T13:13:52","guid":{"rendered":"http:\/\/aoltextiles.com\/?post_type=product&#038;p=1397"},"modified":"2024-04-10T21:13:52","modified_gmt":"2024-04-10T13:13:52","slug":"vinyl-coated-fabric-by-the-yard","status":"publish","type":"product","link":"https:\/\/aoltextiles.com\/de\/product\/vinyl-coated-fabric-by-the-yard\/","title":{"rendered":"Vinylbeschichteter Stoff als Meterware"},"content":{"rendered":"<p>Dieses hochwertige, vinylbeschichtete Gewebe bietet eine unvergleichliche Haltbarkeit und Vielseitigkeit.<\/p>\n<p>Es eignet sich perfekt f\u00fcr eine Vielzahl von Anwendungen, wie z. B. M\u00f6bel f\u00fcr den Au\u00dfenbereich, Polsterungen f\u00fcr die Schifffahrt und industrielle Verkleidungen, und bietet eine hervorragende Best\u00e4ndigkeit gegen Wasser, UV-Strahlen und Schimmel.<\/p>","protected":false},"excerpt":{"rendered":"<p>Hochwertiges, vinylbeschichtetes Gewebe, das auf Haltbarkeit und Vielseitigkeit ausgelegt ist.<\/p>","protected":false},"featured_media":1241,"template":"","meta":{"_seopress_robots_primary_cat":"","_seopress_titles_title":"","_seopress_titles_desc":"","_seopress_robots_index":""},"product_cat":[23],"product_tag":[],"class_list":{"0":"post-1397","1":"product","2":"type-product","3":"status-publish","4":"has-post-thumbnail","6":"product_cat-inyl-coated-woven-polyester-mesh","8":"first","9":"instock","10":"shipping-taxable","11":"product-type-simple"},"_links":{"self":[{"href":"https:\/\/aoltextiles.com\/de\/wp-json\/wp\/v2\/product\/1397","targetHints":{"allow":["GET"]}}],"collection":[{"href":"https:\/\/aoltextiles.com\/de\/wp-json\/wp\/v2\/product"}],"about":[{"href":"https:\/\/aoltextiles.com\/de\/wp-json\/wp\/v2\/types\/product"}],"version-history":[{"count":1,"href":"https:\/\/aoltextiles.com\/de\/wp-json\/wp\/v2\/product\/1397\/revisions"}],"predecessor-version":[{"id":1400,"href":"https:\/\/aoltextiles.com\/de\/wp-json\/wp\/v2\/product\/1397\/revisions\/1400"}],"wp:featuredmedia":[{"embeddable":true,"href":"https:\/\/aoltextiles.com\/de\/wp-json\/wp\/v2\/media\/1241"}],"wp:attachment":[{"href":"https:\/\/aoltextiles.com\/de\/wp-json\/wp\/v2\/media?parent=1397"}],"wp:term":[{"taxonomy":"product_cat","embeddable":true,"href":"https:\/\/aoltextiles.com\/de\/wp-json\/wp\/v2\/product_cat?post=1397"},{"taxonomy":"product_tag","embeddable":true,"href":"https:\/\/aoltextiles.com\/de\/wp-json\/wp\/v2\/product_tag?post=1397"}],"curies":[{"name":"wp","href":"https:\/\/api.w.org\/{rel}","templated":true}]}}