{"id":1402,"date":"2024-04-10T21:15:08","date_gmt":"2024-04-10T13:15:08","guid":{"rendered":"http:\/\/aoltextiles.com\/?post_type=product&#038;p=1402"},"modified":"2024-04-10T21:15:08","modified_gmt":"2024-04-10T13:15:08","slug":"swimming-pool-safety-fence-mesh","status":"publish","type":"product","link":"https:\/\/aoltextiles.com\/de\/product\/swimming-pool-safety-fence-mesh\/","title":{"rendered":"Schwimmbad-Sicherheitszaun Mesh"},"content":{"rendered":"<p>Unser Swimmingpool-Sicherheitszaun kombiniert erh\u00f6hte Sicherheit mit Langlebigkeit und bietet eine starke, aber sichtbare Barriere um den Pool. Die Vinylbeschichtung sorgt daf\u00fcr, dass es Wasser, Chemikalien und Sonne standh\u00e4lt, und macht es zu einer idealen Wahl f\u00fcr die Poolsicherheit.<\/p>","protected":false},"excerpt":{"rendered":"<p>Ein sicherheitsrelevantes Netz f\u00fcr Poolumz\u00e4unungen, das Sichtbarkeit mit Haltbarkeit verbindet.<\/p>","protected":false},"featured_media":1245,"template":"","meta":{"_seopress_robots_primary_cat":"","_seopress_titles_title":"","_seopress_titles_desc":"","_seopress_robots_index":""},"product_cat":[23],"product_tag":[],"class_list":{"0":"post-1402","1":"product","2":"type-product","3":"status-publish","4":"has-post-thumbnail","6":"product_cat-inyl-coated-woven-polyester-mesh","8":"first","9":"instock","10":"shipping-taxable","11":"product-type-simple"},"_links":{"self":[{"href":"https:\/\/aoltextiles.com\/de\/wp-json\/wp\/v2\/product\/1402","targetHints":{"allow":["GET"]}}],"collection":[{"href":"https:\/\/aoltextiles.com\/de\/wp-json\/wp\/v2\/product"}],"about":[{"href":"https:\/\/aoltextiles.com\/de\/wp-json\/wp\/v2\/types\/product"}],"version-history":[{"count":1,"href":"https:\/\/aoltextiles.com\/de\/wp-json\/wp\/v2\/product\/1402\/revisions"}],"predecessor-version":[{"id":1405,"href":"https:\/\/aoltextiles.com\/de\/wp-json\/wp\/v2\/product\/1402\/revisions\/1405"}],"wp:featuredmedia":[{"embeddable":true,"href":"https:\/\/aoltextiles.com\/de\/wp-json\/wp\/v2\/media\/1245"}],"wp:attachment":[{"href":"https:\/\/aoltextiles.com\/de\/wp-json\/wp\/v2\/media?parent=1402"}],"wp:term":[{"taxonomy":"product_cat","embeddable":true,"href":"https:\/\/aoltextiles.com\/de\/wp-json\/wp\/v2\/product_cat?post=1402"},{"taxonomy":"product_tag","embeddable":true,"href":"https:\/\/aoltextiles.com\/de\/wp-json\/wp\/v2\/product_tag?post=1402"}],"curies":[{"name":"wp","href":"https:\/\/api.w.org\/{rel}","templated":true}]}}