{"id":809,"date":"2024-04-08T22:06:01","date_gmt":"2024-04-08T14:06:01","guid":{"rendered":"http:\/\/aoltextiles.com\/?post_type=product&#038;p=809"},"modified":"2024-04-08T22:06:38","modified_gmt":"2024-04-08T14:06:38","slug":"70-pvc-30-polyester-mesh-fabric","status":"publish","type":"product","link":"https:\/\/aoltextiles.com\/de\/product\/70-pvc-30-polyester-mesh-fabric\/","title":{"rendered":"70% PVC 30% Polyester-Gewebe"},"content":{"rendered":"<h3>Durch die Kombination von 70%-PVC mit 30%-Polyester bietet dieses Gewebe ein optimales Gleichgewicht zwischen Haltbarkeit und Flexibilit\u00e4t.<\/h3>\n<h3>Seine robuste Beschaffenheit macht es zum idealen Material f\u00fcr Au\u00dfenm\u00f6bel, Gartenschirme und vieles mehr, das den Elementen standh\u00e4lt.<\/h3>","protected":false},"excerpt":{"rendered":"<h3>70% PVC 30% Polyester-Gewebe<\/h3>\n<h3>Au\u00dfergew\u00f6hnlich haltbar; verbindet Flexibilit\u00e4t mit St\u00e4rke.<\/h3>","protected":false},"featured_media":812,"template":"","meta":{"_seopress_robots_primary_cat":"none","_seopress_titles_title":"","_seopress_titles_desc":"","_seopress_robots_index":""},"product_cat":[32],"product_tag":[],"class_list":{"0":"post-809","1":"product","2":"type-product","3":"status-publish","4":"has-post-thumbnail","6":"product_cat-textilene-fabric","8":"first","9":"instock","10":"shipping-taxable","11":"product-type-simple"},"_links":{"self":[{"href":"https:\/\/aoltextiles.com\/de\/wp-json\/wp\/v2\/product\/809","targetHints":{"allow":["GET"]}}],"collection":[{"href":"https:\/\/aoltextiles.com\/de\/wp-json\/wp\/v2\/product"}],"about":[{"href":"https:\/\/aoltextiles.com\/de\/wp-json\/wp\/v2\/types\/product"}],"version-history":[{"count":1,"href":"https:\/\/aoltextiles.com\/de\/wp-json\/wp\/v2\/product\/809\/revisions"}],"predecessor-version":[{"id":816,"href":"https:\/\/aoltextiles.com\/de\/wp-json\/wp\/v2\/product\/809\/revisions\/816"}],"wp:featuredmedia":[{"embeddable":true,"href":"https:\/\/aoltextiles.com\/de\/wp-json\/wp\/v2\/media\/812"}],"wp:attachment":[{"href":"https:\/\/aoltextiles.com\/de\/wp-json\/wp\/v2\/media?parent=809"}],"wp:term":[{"taxonomy":"product_cat","embeddable":true,"href":"https:\/\/aoltextiles.com\/de\/wp-json\/wp\/v2\/product_cat?post=809"},{"taxonomy":"product_tag","embeddable":true,"href":"https:\/\/aoltextiles.com\/de\/wp-json\/wp\/v2\/product_tag?post=809"}],"curies":[{"name":"wp","href":"https:\/\/api.w.org\/{rel}","templated":true}]}}