{"id":817,"date":"2024-04-08T22:11:24","date_gmt":"2024-04-08T14:11:24","guid":{"rendered":"http:\/\/aoltextiles.com\/?post_type=product&#038;p=817"},"modified":"2024-04-08T22:11:46","modified_gmt":"2024-04-08T14:11:46","slug":"phifertex-fabric-by-the-yard","status":"publish","type":"product","link":"https:\/\/aoltextiles.com\/de\/product\/phifertex-fabric-by-the-yard\/","title":{"rendered":"Phifertex-Gewebe als Meterware"},"content":{"rendered":"<p>Phifertex-Gewebe sind dank ihrer au\u00dfergew\u00f6hnlichen Haltbarkeit und UV-Best\u00e4ndigkeit das bevorzugte Material f\u00fcr den Au\u00dfen- und Meeresbereich. Es ist als Meterware erh\u00e4ltlich und erm\u00f6glicht ma\u00dfgeschneiderte L\u00f6sungen f\u00fcr Polsterungen, Beschattungen und \u00e4sthetische Aufwertungen.<\/p>","protected":false},"excerpt":{"rendered":"<h3>Phifertex-Gewebe als Meterware<\/h3>\n<p>Hervorragende Qualit\u00e4t f\u00fcr die Verwendung im Freien, individuell anpassbar pro Meter.<\/p>","protected":false},"featured_media":820,"template":"","meta":{"_seopress_robots_primary_cat":"none","_seopress_titles_title":"","_seopress_titles_desc":"","_seopress_robots_index":""},"product_cat":[32],"product_tag":[],"class_list":{"0":"post-817","1":"product","2":"type-product","3":"status-publish","4":"has-post-thumbnail","6":"product_cat-textilene-fabric","8":"first","9":"instock","10":"shipping-taxable","11":"product-type-simple"},"_links":{"self":[{"href":"https:\/\/aoltextiles.com\/de\/wp-json\/wp\/v2\/product\/817","targetHints":{"allow":["GET"]}}],"collection":[{"href":"https:\/\/aoltextiles.com\/de\/wp-json\/wp\/v2\/product"}],"about":[{"href":"https:\/\/aoltextiles.com\/de\/wp-json\/wp\/v2\/types\/product"}],"version-history":[{"count":2,"href":"https:\/\/aoltextiles.com\/de\/wp-json\/wp\/v2\/product\/817\/revisions"}],"predecessor-version":[{"id":825,"href":"https:\/\/aoltextiles.com\/de\/wp-json\/wp\/v2\/product\/817\/revisions\/825"}],"wp:featuredmedia":[{"embeddable":true,"href":"https:\/\/aoltextiles.com\/de\/wp-json\/wp\/v2\/media\/820"}],"wp:attachment":[{"href":"https:\/\/aoltextiles.com\/de\/wp-json\/wp\/v2\/media?parent=817"}],"wp:term":[{"taxonomy":"product_cat","embeddable":true,"href":"https:\/\/aoltextiles.com\/de\/wp-json\/wp\/v2\/product_cat?post=817"},{"taxonomy":"product_tag","embeddable":true,"href":"https:\/\/aoltextiles.com\/de\/wp-json\/wp\/v2\/product_tag?post=817"}],"curies":[{"name":"wp","href":"https:\/\/api.w.org\/{rel}","templated":true}]}}