{"id":826,"date":"2024-04-08T22:15:13","date_gmt":"2024-04-08T14:15:13","guid":{"rendered":"http:\/\/aoltextiles.com\/?post_type=product&#038;p=826"},"modified":"2024-04-08T22:15:13","modified_gmt":"2024-04-08T14:15:13","slug":"textilene-vinyl-mesh","status":"publish","type":"product","link":"https:\/\/aoltextiles.com\/de\/product\/textilene-vinyl-mesh\/","title":{"rendered":"Textilene Vinyl-Netz"},"content":{"rendered":"<h3>Unser Textilene Vinyl Mesh verbindet \u00c4sthetik mit Funktionalit\u00e4t.<\/h3>\n<h3>Es eignet sich perfekt, um Au\u00dfenbereichen einen modernen Touch zu verleihen. Es ist leicht zu reinigen und zu pflegen und ist witterungs- und UV-best\u00e4ndig, was f\u00fcr dauerhafte Sch\u00f6nheit sorgt.<\/h3>","protected":false},"excerpt":{"rendered":"<h3>Textilene Vinyl-Netz<\/h3>\n<h3>Schlankes, modernes Aussehen; bemerkenswert pflegeleicht.<\/h3>","protected":false},"featured_media":829,"template":"","meta":{"_seopress_robots_primary_cat":"","_seopress_titles_title":"","_seopress_titles_desc":"","_seopress_robots_index":""},"product_cat":[32],"product_tag":[],"class_list":{"0":"post-826","1":"product","2":"type-product","3":"status-publish","4":"has-post-thumbnail","6":"product_cat-textilene-fabric","8":"first","9":"instock","10":"shipping-taxable","11":"product-type-simple"},"_links":{"self":[{"href":"https:\/\/aoltextiles.com\/de\/wp-json\/wp\/v2\/product\/826","targetHints":{"allow":["GET"]}}],"collection":[{"href":"https:\/\/aoltextiles.com\/de\/wp-json\/wp\/v2\/product"}],"about":[{"href":"https:\/\/aoltextiles.com\/de\/wp-json\/wp\/v2\/types\/product"}],"version-history":[{"count":1,"href":"https:\/\/aoltextiles.com\/de\/wp-json\/wp\/v2\/product\/826\/revisions"}],"predecessor-version":[{"id":833,"href":"https:\/\/aoltextiles.com\/de\/wp-json\/wp\/v2\/product\/826\/revisions\/833"}],"wp:featuredmedia":[{"embeddable":true,"href":"https:\/\/aoltextiles.com\/de\/wp-json\/wp\/v2\/media\/829"}],"wp:attachment":[{"href":"https:\/\/aoltextiles.com\/de\/wp-json\/wp\/v2\/media?parent=826"}],"wp:term":[{"taxonomy":"product_cat","embeddable":true,"href":"https:\/\/aoltextiles.com\/de\/wp-json\/wp\/v2\/product_cat?post=826"},{"taxonomy":"product_tag","embeddable":true,"href":"https:\/\/aoltextiles.com\/de\/wp-json\/wp\/v2\/product_tag?post=826"}],"curies":[{"name":"wp","href":"https:\/\/api.w.org\/{rel}","templated":true}]}}