{"id":842,"date":"2024-04-08T22:22:35","date_gmt":"2024-04-08T14:22:35","guid":{"rendered":"http:\/\/aoltextiles.com\/?post_type=product&#038;p=842"},"modified":"2024-04-08T22:22:35","modified_gmt":"2024-04-08T14:22:35","slug":"textilene-outdoor-fabric","status":"publish","type":"product","link":"https:\/\/aoltextiles.com\/de\/product\/textilene-outdoor-fabric\/","title":{"rendered":"Textilene Outdoor-Gewebe"},"content":{"rendered":"<h3>Dieses hochwertige Textilene Outdoor-Gewebe ist resistent gegen Ausbleichen, Schimmel und Mehltau und sorgt daf\u00fcr, dass Ihre Au\u00dfenbereiche zu jeder Jahreszeit elegant und komfortabel bleiben. Seine Langlebigkeit macht ihn ideal f\u00fcr Terrassenm\u00f6bel, Kissen und mehr.<\/h3>","protected":false},"excerpt":{"rendered":"<h3>Textilene Outdoor-Gewebe<\/h3>\n<h3>Wie geschaffen f\u00fcr den Au\u00dfenbereich; garantiert das ganze Jahr \u00fcber Eleganz.<\/h3>","protected":false},"featured_media":845,"template":"","meta":{"_seopress_robots_primary_cat":"","_seopress_titles_title":"","_seopress_titles_desc":"","_seopress_robots_index":""},"product_cat":[32],"product_tag":[],"class_list":{"0":"post-842","1":"product","2":"type-product","3":"status-publish","4":"has-post-thumbnail","6":"product_cat-textilene-fabric","8":"first","9":"instock","10":"shipping-taxable","11":"product-type-simple"},"_links":{"self":[{"href":"https:\/\/aoltextiles.com\/de\/wp-json\/wp\/v2\/product\/842","targetHints":{"allow":["GET"]}}],"collection":[{"href":"https:\/\/aoltextiles.com\/de\/wp-json\/wp\/v2\/product"}],"about":[{"href":"https:\/\/aoltextiles.com\/de\/wp-json\/wp\/v2\/types\/product"}],"version-history":[{"count":1,"href":"https:\/\/aoltextiles.com\/de\/wp-json\/wp\/v2\/product\/842\/revisions"}],"predecessor-version":[{"id":849,"href":"https:\/\/aoltextiles.com\/de\/wp-json\/wp\/v2\/product\/842\/revisions\/849"}],"wp:featuredmedia":[{"embeddable":true,"href":"https:\/\/aoltextiles.com\/de\/wp-json\/wp\/v2\/media\/845"}],"wp:attachment":[{"href":"https:\/\/aoltextiles.com\/de\/wp-json\/wp\/v2\/media?parent=842"}],"wp:term":[{"taxonomy":"product_cat","embeddable":true,"href":"https:\/\/aoltextiles.com\/de\/wp-json\/wp\/v2\/product_cat?post=842"},{"taxonomy":"product_tag","embeddable":true,"href":"https:\/\/aoltextiles.com\/de\/wp-json\/wp\/v2\/product_tag?post=842"}],"curies":[{"name":"wp","href":"https:\/\/api.w.org\/{rel}","templated":true}]}}