{"id":867,"date":"2024-04-08T22:36:01","date_gmt":"2024-04-08T14:36:01","guid":{"rendered":"http:\/\/aoltextiles.com\/?post_type=product&#038;p=867"},"modified":"2024-04-08T22:36:01","modified_gmt":"2024-04-08T14:36:01","slug":"textilene-mesh-fabric","status":"publish","type":"product","link":"https:\/\/aoltextiles.com\/de\/product\/textilene-mesh-fabric\/","title":{"rendered":"Textilene Mesh-Gewebe"},"content":{"rendered":"<h3>Unser Textilene Mesh-Gewebe ist ein Beweis f\u00fcr die bew\u00e4hrte Qualit\u00e4t und Vielseitigkeit.<\/h3>\n<h3>Es eignet sich f\u00fcr eine Vielzahl von Anwendungen im Au\u00dfenbereich, von M\u00f6beln bis hin zu Sichtschutzw\u00e4nden, und gew\u00e4hrleistet Langlebigkeit, Witterungsbest\u00e4ndigkeit und Wartungsfreundlichkeit und wertet jeden Au\u00dfenbereich auf.<\/h3>","protected":false},"excerpt":{"rendered":"<h3>Textilene Mesh-Gewebe<\/h3>\n<h3>Der Inbegriff des Outdoor-Stoffes: langlebig und vielseitig.<\/h3>","protected":false},"featured_media":870,"template":"","meta":{"_seopress_robots_primary_cat":"","_seopress_titles_title":"","_seopress_titles_desc":"","_seopress_robots_index":""},"product_cat":[32],"product_tag":[],"class_list":{"0":"post-867","1":"product","2":"type-product","3":"status-publish","4":"has-post-thumbnail","6":"product_cat-textilene-fabric","8":"first","9":"instock","10":"shipping-taxable","11":"product-type-simple"},"_links":{"self":[{"href":"https:\/\/aoltextiles.com\/de\/wp-json\/wp\/v2\/product\/867","targetHints":{"allow":["GET"]}}],"collection":[{"href":"https:\/\/aoltextiles.com\/de\/wp-json\/wp\/v2\/product"}],"about":[{"href":"https:\/\/aoltextiles.com\/de\/wp-json\/wp\/v2\/types\/product"}],"version-history":[{"count":1,"href":"https:\/\/aoltextiles.com\/de\/wp-json\/wp\/v2\/product\/867\/revisions"}],"predecessor-version":[{"id":874,"href":"https:\/\/aoltextiles.com\/de\/wp-json\/wp\/v2\/product\/867\/revisions\/874"}],"wp:featuredmedia":[{"embeddable":true,"href":"https:\/\/aoltextiles.com\/de\/wp-json\/wp\/v2\/media\/870"}],"wp:attachment":[{"href":"https:\/\/aoltextiles.com\/de\/wp-json\/wp\/v2\/media?parent=867"}],"wp:term":[{"taxonomy":"product_cat","embeddable":true,"href":"https:\/\/aoltextiles.com\/de\/wp-json\/wp\/v2\/product_cat?post=867"},{"taxonomy":"product_tag","embeddable":true,"href":"https:\/\/aoltextiles.com\/de\/wp-json\/wp\/v2\/product_tag?post=867"}],"curies":[{"name":"wp","href":"https:\/\/api.w.org\/{rel}","templated":true}]}}