{"id":941,"date":"2024-04-09T20:27:39","date_gmt":"2024-04-09T12:27:39","guid":{"rendered":"http:\/\/aoltextiles.com\/?post_type=product&#038;p=941"},"modified":"2024-04-09T20:27:39","modified_gmt":"2024-04-09T12:27:39","slug":"outdoor-chair-fabric","status":"publish","type":"product","link":"https:\/\/aoltextiles.com\/de\/product\/outdoor-chair-fabric\/","title":{"rendered":"Outdoor Stuhl Stoff"},"content":{"rendered":"<p>Versch\u00f6nern Sie Ihre Outdoor-Oase mit unserem Outdoor Chair Fabric.<\/p>\n<p>Dieser Stoff wurde entwickelt, um dem Ausbleichen, Schimmel und Wasser zu widerstehen. Er verl\u00e4ngert die Lebensdauer und Sch\u00f6nheit von Terrassenm\u00f6beln und kombiniert dauerhafte Haltbarkeit mit modernen Designs, die zu jeder \u00c4sthetik passen.<\/p>","protected":false},"excerpt":{"rendered":"<p>Beleben Sie Ihren Sitzplatz im Freien; erstklassige Haltbarkeit und Stil.<\/p>","protected":false},"featured_media":944,"template":"","meta":{"_seopress_robots_primary_cat":"","_seopress_titles_title":"","_seopress_titles_desc":"","_seopress_robots_index":""},"product_cat":[33],"product_tag":[],"class_list":{"0":"post-941","1":"product","2":"type-product","3":"status-publish","4":"has-post-thumbnail","6":"product_cat-outdoor-furniture-fabric","8":"first","9":"instock","10":"shipping-taxable","11":"product-type-simple"},"_links":{"self":[{"href":"https:\/\/aoltextiles.com\/de\/wp-json\/wp\/v2\/product\/941","targetHints":{"allow":["GET"]}}],"collection":[{"href":"https:\/\/aoltextiles.com\/de\/wp-json\/wp\/v2\/product"}],"about":[{"href":"https:\/\/aoltextiles.com\/de\/wp-json\/wp\/v2\/types\/product"}],"version-history":[{"count":1,"href":"https:\/\/aoltextiles.com\/de\/wp-json\/wp\/v2\/product\/941\/revisions"}],"predecessor-version":[{"id":948,"href":"https:\/\/aoltextiles.com\/de\/wp-json\/wp\/v2\/product\/941\/revisions\/948"}],"wp:featuredmedia":[{"embeddable":true,"href":"https:\/\/aoltextiles.com\/de\/wp-json\/wp\/v2\/media\/944"}],"wp:attachment":[{"href":"https:\/\/aoltextiles.com\/de\/wp-json\/wp\/v2\/media?parent=941"}],"wp:term":[{"taxonomy":"product_cat","embeddable":true,"href":"https:\/\/aoltextiles.com\/de\/wp-json\/wp\/v2\/product_cat?post=941"},{"taxonomy":"product_tag","embeddable":true,"href":"https:\/\/aoltextiles.com\/de\/wp-json\/wp\/v2\/product_tag?post=941"}],"curies":[{"name":"wp","href":"https:\/\/api.w.org\/{rel}","templated":true}]}}