{"id":949,"date":"2024-04-09T20:31:15","date_gmt":"2024-04-09T12:31:15","guid":{"rendered":"http:\/\/aoltextiles.com\/?post_type=product&#038;p=949"},"modified":"2024-04-09T20:31:16","modified_gmt":"2024-04-09T12:31:16","slug":"sand-fabric-by-the-yard","status":"publish","type":"product","link":"https:\/\/aoltextiles.com\/de\/product\/sand-fabric-by-the-yard\/","title":{"rendered":"Sand-Stoffe als Meterware"},"content":{"rendered":"<p>Unser Sandstoff als Meterware f\u00e4ngt die ruhige Sch\u00f6nheit des Strandes ein. Dieser Stoff eignet sich ideal f\u00fcr individuelle Projekte und bietet sowohl ein atemberaubendes Aussehen als auch die n\u00f6tige Widerstandsf\u00e4higkeit, um den Elementen zu trotzen und sicherzustellen, dass Ihr Au\u00dfenbereich ein ruhiger R\u00fcckzugsort bleibt.<\/p>","protected":false},"excerpt":{"rendered":"<p>Die Essenz k\u00fcstennaher Eleganz; schneidern Sie Ihr Paradies im Freien.<\/p>","protected":false},"featured_media":952,"template":"","meta":{"_seopress_robots_primary_cat":"","_seopress_titles_title":"","_seopress_titles_desc":"","_seopress_robots_index":""},"product_cat":[33],"product_tag":[],"class_list":{"0":"post-949","1":"product","2":"type-product","3":"status-publish","4":"has-post-thumbnail","6":"product_cat-outdoor-furniture-fabric","8":"first","9":"instock","10":"shipping-taxable","11":"product-type-simple"},"_links":{"self":[{"href":"https:\/\/aoltextiles.com\/de\/wp-json\/wp\/v2\/product\/949","targetHints":{"allow":["GET"]}}],"collection":[{"href":"https:\/\/aoltextiles.com\/de\/wp-json\/wp\/v2\/product"}],"about":[{"href":"https:\/\/aoltextiles.com\/de\/wp-json\/wp\/v2\/types\/product"}],"version-history":[{"count":1,"href":"https:\/\/aoltextiles.com\/de\/wp-json\/wp\/v2\/product\/949\/revisions"}],"predecessor-version":[{"id":956,"href":"https:\/\/aoltextiles.com\/de\/wp-json\/wp\/v2\/product\/949\/revisions\/956"}],"wp:featuredmedia":[{"embeddable":true,"href":"https:\/\/aoltextiles.com\/de\/wp-json\/wp\/v2\/media\/952"}],"wp:attachment":[{"href":"https:\/\/aoltextiles.com\/de\/wp-json\/wp\/v2\/media?parent=949"}],"wp:term":[{"taxonomy":"product_cat","embeddable":true,"href":"https:\/\/aoltextiles.com\/de\/wp-json\/wp\/v2\/product_cat?post=949"},{"taxonomy":"product_tag","embeddable":true,"href":"https:\/\/aoltextiles.com\/de\/wp-json\/wp\/v2\/product_tag?post=949"}],"curies":[{"name":"wp","href":"https:\/\/api.w.org\/{rel}","templated":true}]}}