{"id":989,"date":"2024-04-09T21:01:14","date_gmt":"2024-04-09T13:01:14","guid":{"rendered":"http:\/\/aoltextiles.com\/?post_type=product&#038;p=989"},"modified":"2024-04-09T21:01:15","modified_gmt":"2024-04-09T13:01:15","slug":"synthetic-mesh-fabric","status":"publish","type":"product","link":"https:\/\/aoltextiles.com\/de\/product\/synthetic-mesh-fabric\/","title":{"rendered":"Synthetisches Mesh-Gewebe"},"content":{"rendered":"<p>Mit unserem synthetischen Mesh-Gewebe sind Sie auf der H\u00f6he der Zeit. Es wurde f\u00fcr alle entwickelt, die moderne L\u00f6sungen f\u00fcr Au\u00dfenm\u00f6bel suchen.<\/p>\n<p>Das Gewebe ist atmungsaktiv, schnell trocknend und sieht modern aus und ist resistent gegen Ausbleichen und Schimmel.<\/p>","protected":false},"excerpt":{"rendered":"<p>Hightech f\u00fcr hohen Komfort; die Zukunft der Outdoor-Stoffe.<\/p>","protected":false},"featured_media":992,"template":"","meta":{"_seopress_robots_primary_cat":"","_seopress_titles_title":"","_seopress_titles_desc":"","_seopress_robots_index":""},"product_cat":[33],"product_tag":[],"class_list":{"0":"post-989","1":"product","2":"type-product","3":"status-publish","4":"has-post-thumbnail","6":"product_cat-outdoor-furniture-fabric","8":"first","9":"instock","10":"shipping-taxable","11":"product-type-simple"},"_links":{"self":[{"href":"https:\/\/aoltextiles.com\/de\/wp-json\/wp\/v2\/product\/989","targetHints":{"allow":["GET"]}}],"collection":[{"href":"https:\/\/aoltextiles.com\/de\/wp-json\/wp\/v2\/product"}],"about":[{"href":"https:\/\/aoltextiles.com\/de\/wp-json\/wp\/v2\/types\/product"}],"version-history":[{"count":1,"href":"https:\/\/aoltextiles.com\/de\/wp-json\/wp\/v2\/product\/989\/revisions"}],"predecessor-version":[{"id":996,"href":"https:\/\/aoltextiles.com\/de\/wp-json\/wp\/v2\/product\/989\/revisions\/996"}],"wp:featuredmedia":[{"embeddable":true,"href":"https:\/\/aoltextiles.com\/de\/wp-json\/wp\/v2\/media\/992"}],"wp:attachment":[{"href":"https:\/\/aoltextiles.com\/de\/wp-json\/wp\/v2\/media?parent=989"}],"wp:term":[{"taxonomy":"product_cat","embeddable":true,"href":"https:\/\/aoltextiles.com\/de\/wp-json\/wp\/v2\/product_cat?post=989"},{"taxonomy":"product_tag","embeddable":true,"href":"https:\/\/aoltextiles.com\/de\/wp-json\/wp\/v2\/product_tag?post=989"}],"curies":[{"name":"wp","href":"https:\/\/api.w.org\/{rel}","templated":true}]}}