{"id":997,"date":"2024-04-09T21:24:31","date_gmt":"2024-04-09T13:24:31","guid":{"rendered":"http:\/\/aoltextiles.com\/?post_type=product&#038;p=997"},"modified":"2024-04-09T21:24:31","modified_gmt":"2024-04-09T13:24:31","slug":"marine-fabric-sling-mesh","status":"publish","type":"product","link":"https:\/\/aoltextiles.com\/de\/product\/marine-fabric-sling-mesh\/","title":{"rendered":"Marine-Gewebe Sling Mesh"},"content":{"rendered":"<p>Marine Fabric Sling Mesh ist die erste Wahl f\u00fcr Anwendungen auf See und an der K\u00fcste und bietet au\u00dfergew\u00f6hnliche Best\u00e4ndigkeit gegen Salz, Sonne und Feuchtigkeit.<\/p>\n<p>Es ist ideal f\u00fcr Sitzm\u00f6bel auf Booten und im Freien und kombiniert nautische Haltbarkeit mit Komfort und Stil.<\/p>","protected":false},"excerpt":{"rendered":"<p>Nautische Langlebigkeit; f\u00fcr den Einsatz auf See konzipiert.<\/p>","protected":false},"featured_media":1000,"template":"","meta":{"_seopress_robots_primary_cat":"","_seopress_titles_title":"","_seopress_titles_desc":"","_seopress_robots_index":""},"product_cat":[33],"product_tag":[],"class_list":{"0":"post-997","1":"product","2":"type-product","3":"status-publish","4":"has-post-thumbnail","6":"product_cat-outdoor-furniture-fabric","8":"first","9":"instock","10":"shipping-taxable","11":"product-type-simple"},"_links":{"self":[{"href":"https:\/\/aoltextiles.com\/de\/wp-json\/wp\/v2\/product\/997","targetHints":{"allow":["GET"]}}],"collection":[{"href":"https:\/\/aoltextiles.com\/de\/wp-json\/wp\/v2\/product"}],"about":[{"href":"https:\/\/aoltextiles.com\/de\/wp-json\/wp\/v2\/types\/product"}],"version-history":[{"count":1,"href":"https:\/\/aoltextiles.com\/de\/wp-json\/wp\/v2\/product\/997\/revisions"}],"predecessor-version":[{"id":1004,"href":"https:\/\/aoltextiles.com\/de\/wp-json\/wp\/v2\/product\/997\/revisions\/1004"}],"wp:featuredmedia":[{"embeddable":true,"href":"https:\/\/aoltextiles.com\/de\/wp-json\/wp\/v2\/media\/1000"}],"wp:attachment":[{"href":"https:\/\/aoltextiles.com\/de\/wp-json\/wp\/v2\/media?parent=997"}],"wp:term":[{"taxonomy":"product_cat","embeddable":true,"href":"https:\/\/aoltextiles.com\/de\/wp-json\/wp\/v2\/product_cat?post=997"},{"taxonomy":"product_tag","embeddable":true,"href":"https:\/\/aoltextiles.com\/de\/wp-json\/wp\/v2\/product_tag?post=997"}],"curies":[{"name":"wp","href":"https:\/\/api.w.org\/{rel}","templated":true}]}}