{"id":1037,"date":"2024-04-09T21:41:06","date_gmt":"2024-04-09T13:41:06","guid":{"rendered":"http:\/\/aoltextiles.com\/?post_type=product&#038;p=1037"},"modified":"2024-04-09T21:41:07","modified_gmt":"2024-04-09T13:41:07","slug":"solar-screen-fabric-by-the-yard","status":"publish","type":"product","link":"https:\/\/aoltextiles.com\/es\/product\/solar-screen-fabric-by-the-yard\/","title":{"rendered":"Tela mosquitera solar por metros"},"content":{"rendered":"<p>Nuestro tejido de pantalla solar por metros est\u00e1 dise\u00f1ado para mantener los interiores frescos y confortables, al tiempo que permite que la luz natural se filtre a trav\u00e9s de \u00e9l. Perfecto para reducir el deslumbramiento y proteger contra los rayos UV, es ideal para tratamientos de ventanas que mejoran la eficiencia energ\u00e9tica.<\/p>","protected":false},"excerpt":{"rendered":"<p>Maximiza el ahorro de energ\u00eda; filtra la luz con elegancia.<\/p>","protected":false},"featured_media":1040,"template":"","meta":{"_seopress_robots_primary_cat":"","_seopress_titles_title":"","_seopress_titles_desc":"","_seopress_robots_index":""},"product_cat":[34],"product_tag":[],"class_list":{"0":"post-1037","1":"product","2":"type-product","3":"status-publish","4":"has-post-thumbnail","6":"product_cat-shade-screen","8":"first","9":"instock","10":"shipping-taxable","11":"product-type-simple"},"_links":{"self":[{"href":"https:\/\/aoltextiles.com\/es\/wp-json\/wp\/v2\/product\/1037","targetHints":{"allow":["GET"]}}],"collection":[{"href":"https:\/\/aoltextiles.com\/es\/wp-json\/wp\/v2\/product"}],"about":[{"href":"https:\/\/aoltextiles.com\/es\/wp-json\/wp\/v2\/types\/product"}],"version-history":[{"count":1,"href":"https:\/\/aoltextiles.com\/es\/wp-json\/wp\/v2\/product\/1037\/revisions"}],"predecessor-version":[{"id":1044,"href":"https:\/\/aoltextiles.com\/es\/wp-json\/wp\/v2\/product\/1037\/revisions\/1044"}],"wp:featuredmedia":[{"embeddable":true,"href":"https:\/\/aoltextiles.com\/es\/wp-json\/wp\/v2\/media\/1040"}],"wp:attachment":[{"href":"https:\/\/aoltextiles.com\/es\/wp-json\/wp\/v2\/media?parent=1037"}],"wp:term":[{"taxonomy":"product_cat","embeddable":true,"href":"https:\/\/aoltextiles.com\/es\/wp-json\/wp\/v2\/product_cat?post=1037"},{"taxonomy":"product_tag","embeddable":true,"href":"https:\/\/aoltextiles.com\/es\/wp-json\/wp\/v2\/product_tag?post=1037"}],"curies":[{"name":"wp","href":"https:\/\/api.w.org\/{rel}","templated":true}]}}