{"id":1101,"date":"2024-04-09T22:04:53","date_gmt":"2024-04-09T14:04:53","guid":{"rendered":"http:\/\/aoltextiles.com\/?post_type=product&#038;p=1101"},"modified":"2024-04-09T22:04:54","modified_gmt":"2024-04-09T14:04:54","slug":"arizona-sun-shades-fabric","status":"publish","type":"product","link":"https:\/\/aoltextiles.com\/es\/product\/arizona-sun-shades-fabric\/","title":{"rendered":"Tejido para sombrillas Arizona"},"content":{"rendered":"<p>Nuestra tela de parasoles Arizona est\u00e1 fabricada para resistir la luz solar m\u00e1s intensa, reflejando la resistencia del desierto.<\/p>\n<p>Perfecta para zonas con una intensa exposici\u00f3n al sol, ofrece una protecci\u00f3n UV y una durabilidad superiores, garantizando que su espacio permanezca c\u00f3modo y protegido durante todo el a\u00f1o.<\/p>","protected":false},"excerpt":{"rendered":"<p>Inspirado en el desierto; construido para el sol.<\/p>","protected":false},"featured_media":1104,"template":"","meta":{"_seopress_robots_primary_cat":"","_seopress_titles_title":"","_seopress_titles_desc":"","_seopress_robots_index":""},"product_cat":[34],"product_tag":[],"class_list":{"0":"post-1101","1":"product","2":"type-product","3":"status-publish","4":"has-post-thumbnail","6":"product_cat-shade-screen","8":"first","9":"instock","10":"shipping-taxable","11":"product-type-simple"},"_links":{"self":[{"href":"https:\/\/aoltextiles.com\/es\/wp-json\/wp\/v2\/product\/1101","targetHints":{"allow":["GET"]}}],"collection":[{"href":"https:\/\/aoltextiles.com\/es\/wp-json\/wp\/v2\/product"}],"about":[{"href":"https:\/\/aoltextiles.com\/es\/wp-json\/wp\/v2\/types\/product"}],"version-history":[{"count":1,"href":"https:\/\/aoltextiles.com\/es\/wp-json\/wp\/v2\/product\/1101\/revisions"}],"predecessor-version":[{"id":1108,"href":"https:\/\/aoltextiles.com\/es\/wp-json\/wp\/v2\/product\/1101\/revisions\/1108"}],"wp:featuredmedia":[{"embeddable":true,"href":"https:\/\/aoltextiles.com\/es\/wp-json\/wp\/v2\/media\/1104"}],"wp:attachment":[{"href":"https:\/\/aoltextiles.com\/es\/wp-json\/wp\/v2\/media?parent=1101"}],"wp:term":[{"taxonomy":"product_cat","embeddable":true,"href":"https:\/\/aoltextiles.com\/es\/wp-json\/wp\/v2\/product_cat?post=1101"},{"taxonomy":"product_tag","embeddable":true,"href":"https:\/\/aoltextiles.com\/es\/wp-json\/wp\/v2\/product_tag?post=1101"}],"curies":[{"name":"wp","href":"https:\/\/api.w.org\/{rel}","templated":true}]}}