{"id":1384,"date":"2024-04-10T21:04:47","date_gmt":"2024-04-10T13:04:47","guid":{"rendered":"http:\/\/aoltextiles.com\/?post_type=product&#038;p=1384"},"modified":"2024-04-10T21:04:47","modified_gmt":"2024-04-10T13:04:47","slug":"pvc-mesh-for-truck-tarp","status":"publish","type":"product","link":"https:\/\/aoltextiles.com\/es\/product\/pvc-mesh-for-truck-tarp\/","title":{"rendered":"Malla de PVC para lona de cami\u00f3n"},"content":{"rendered":"<p>Nuestra lona de malla de PVC para camiones est\u00e1 dise\u00f1ada para proteger la carga de la intemperie y el desgaste gracias a su construcci\u00f3n duradera y resistente a los desgarros. Garantiza la seguridad de la carga, lo que la convierte en una herramienta vital para el transporte y la log\u00edstica.<\/p>","protected":false},"excerpt":{"rendered":"<p>Construidas para ofrecer durabilidad y seguridad, son perfectas para salvaguardar la carga.<\/p>","protected":false},"featured_media":1189,"template":"","meta":{"_seopress_robots_primary_cat":"","_seopress_titles_title":"","_seopress_titles_desc":"","_seopress_robots_index":""},"product_cat":[35],"product_tag":[],"class_list":{"0":"post-1384","1":"product","2":"type-product","3":"status-publish","4":"has-post-thumbnail","6":"product_cat-truck-cover-mesh","8":"first","9":"instock","10":"shipping-taxable","11":"product-type-simple"},"_links":{"self":[{"href":"https:\/\/aoltextiles.com\/es\/wp-json\/wp\/v2\/product\/1384","targetHints":{"allow":["GET"]}}],"collection":[{"href":"https:\/\/aoltextiles.com\/es\/wp-json\/wp\/v2\/product"}],"about":[{"href":"https:\/\/aoltextiles.com\/es\/wp-json\/wp\/v2\/types\/product"}],"version-history":[{"count":1,"href":"https:\/\/aoltextiles.com\/es\/wp-json\/wp\/v2\/product\/1384\/revisions"}],"predecessor-version":[{"id":1388,"href":"https:\/\/aoltextiles.com\/es\/wp-json\/wp\/v2\/product\/1384\/revisions\/1388"}],"wp:featuredmedia":[{"embeddable":true,"href":"https:\/\/aoltextiles.com\/es\/wp-json\/wp\/v2\/media\/1189"}],"wp:attachment":[{"href":"https:\/\/aoltextiles.com\/es\/wp-json\/wp\/v2\/media?parent=1384"}],"wp:term":[{"taxonomy":"product_cat","embeddable":true,"href":"https:\/\/aoltextiles.com\/es\/wp-json\/wp\/v2\/product_cat?post=1384"},{"taxonomy":"product_tag","embeddable":true,"href":"https:\/\/aoltextiles.com\/es\/wp-json\/wp\/v2\/product_tag?post=1384"}],"curies":[{"name":"wp","href":"https:\/\/api.w.org\/{rel}","templated":true}]}}