{"id":941,"date":"2024-04-09T20:27:39","date_gmt":"2024-04-09T12:27:39","guid":{"rendered":"http:\/\/aoltextiles.com\/?post_type=product&#038;p=941"},"modified":"2024-04-09T20:27:39","modified_gmt":"2024-04-09T12:27:39","slug":"outdoor-chair-fabric","status":"publish","type":"product","link":"https:\/\/aoltextiles.com\/es\/product\/outdoor-chair-fabric\/","title":{"rendered":"Tela para sillas de exterior"},"content":{"rendered":"<p>Mejore su oasis exterior con nuestra tela para sillas de exterior.<\/p>\n<p>Dise\u00f1ado para resistir la decoloraci\u00f3n, el moho y el agua, este tejido prolonga la vida y la belleza de los muebles de patio, combinando una durabilidad duradera con dise\u00f1os contempor\u00e1neos que combinan con cualquier est\u00e9tica.<\/p>","protected":false},"excerpt":{"rendered":"<p>Revitalice sus asientos de exterior; durabilidad y estilo de primera.<\/p>","protected":false},"featured_media":944,"template":"","meta":{"_seopress_robots_primary_cat":"","_seopress_titles_title":"","_seopress_titles_desc":"","_seopress_robots_index":""},"product_cat":[33],"product_tag":[],"class_list":{"0":"post-941","1":"product","2":"type-product","3":"status-publish","4":"has-post-thumbnail","6":"product_cat-outdoor-furniture-fabric","8":"first","9":"instock","10":"shipping-taxable","11":"product-type-simple"},"_links":{"self":[{"href":"https:\/\/aoltextiles.com\/es\/wp-json\/wp\/v2\/product\/941","targetHints":{"allow":["GET"]}}],"collection":[{"href":"https:\/\/aoltextiles.com\/es\/wp-json\/wp\/v2\/product"}],"about":[{"href":"https:\/\/aoltextiles.com\/es\/wp-json\/wp\/v2\/types\/product"}],"version-history":[{"count":1,"href":"https:\/\/aoltextiles.com\/es\/wp-json\/wp\/v2\/product\/941\/revisions"}],"predecessor-version":[{"id":948,"href":"https:\/\/aoltextiles.com\/es\/wp-json\/wp\/v2\/product\/941\/revisions\/948"}],"wp:featuredmedia":[{"embeddable":true,"href":"https:\/\/aoltextiles.com\/es\/wp-json\/wp\/v2\/media\/944"}],"wp:attachment":[{"href":"https:\/\/aoltextiles.com\/es\/wp-json\/wp\/v2\/media?parent=941"}],"wp:term":[{"taxonomy":"product_cat","embeddable":true,"href":"https:\/\/aoltextiles.com\/es\/wp-json\/wp\/v2\/product_cat?post=941"},{"taxonomy":"product_tag","embeddable":true,"href":"https:\/\/aoltextiles.com\/es\/wp-json\/wp\/v2\/product_tag?post=941"}],"curies":[{"name":"wp","href":"https:\/\/api.w.org\/{rel}","templated":true}]}}