{"id":965,"date":"2024-04-09T20:37:59","date_gmt":"2024-04-09T12:37:59","guid":{"rendered":"http:\/\/aoltextiles.com\/?post_type=product&#038;p=965"},"modified":"2024-04-09T20:37:59","modified_gmt":"2024-04-09T12:37:59","slug":"waterproof-upholstery-fabric","status":"publish","type":"product","link":"https:\/\/aoltextiles.com\/es\/product\/waterproof-upholstery-fabric\/","title":{"rendered":"Tejido de tapicer\u00eda impermeable"},"content":{"rendered":"<p>Mantenga sus espacios exteriores secos y con estilo con nuestra tela de tapicer\u00eda impermeable.<\/p>\n<p>Este tejido no s\u00f3lo repele el agua con eficacia, sino que tambi\u00e9n resiste las manchas y los da\u00f1os causados por los rayos UV, lo que lo convierte en la opci\u00f3n ideal para cojines y tapicer\u00edas de exterior que se mantienen frescos y vibrantes.<\/p>","protected":false},"excerpt":{"rendered":"<p>M\u00e1xima protecci\u00f3n contra los elementos; elegante y funcional.<\/p>","protected":false},"featured_media":968,"template":"","meta":{"_seopress_robots_primary_cat":"","_seopress_titles_title":"","_seopress_titles_desc":"","_seopress_robots_index":""},"product_cat":[33],"product_tag":[],"class_list":{"0":"post-965","1":"product","2":"type-product","3":"status-publish","4":"has-post-thumbnail","6":"product_cat-outdoor-furniture-fabric","8":"first","9":"instock","10":"shipping-taxable","11":"product-type-simple"},"_links":{"self":[{"href":"https:\/\/aoltextiles.com\/es\/wp-json\/wp\/v2\/product\/965","targetHints":{"allow":["GET"]}}],"collection":[{"href":"https:\/\/aoltextiles.com\/es\/wp-json\/wp\/v2\/product"}],"about":[{"href":"https:\/\/aoltextiles.com\/es\/wp-json\/wp\/v2\/types\/product"}],"version-history":[{"count":1,"href":"https:\/\/aoltextiles.com\/es\/wp-json\/wp\/v2\/product\/965\/revisions"}],"predecessor-version":[{"id":972,"href":"https:\/\/aoltextiles.com\/es\/wp-json\/wp\/v2\/product\/965\/revisions\/972"}],"wp:featuredmedia":[{"embeddable":true,"href":"https:\/\/aoltextiles.com\/es\/wp-json\/wp\/v2\/media\/968"}],"wp:attachment":[{"href":"https:\/\/aoltextiles.com\/es\/wp-json\/wp\/v2\/media?parent=965"}],"wp:term":[{"taxonomy":"product_cat","embeddable":true,"href":"https:\/\/aoltextiles.com\/es\/wp-json\/wp\/v2\/product_cat?post=965"},{"taxonomy":"product_tag","embeddable":true,"href":"https:\/\/aoltextiles.com\/es\/wp-json\/wp\/v2\/product_tag?post=965"}],"curies":[{"name":"wp","href":"https:\/\/api.w.org\/{rel}","templated":true}]}}