{"id":981,"date":"2024-04-09T20:43:24","date_gmt":"2024-04-09T12:43:24","guid":{"rendered":"http:\/\/aoltextiles.com\/?post_type=product&#038;p=981"},"modified":"2024-04-09T20:43:24","modified_gmt":"2024-04-09T12:43:24","slug":"sunbed-fabric-pvc-coated","status":"publish","type":"product","link":"https:\/\/aoltextiles.com\/es\/product\/sunbed-fabric-pvc-coated\/","title":{"rendered":"Tela de cama solar recubierta de PVC"},"content":{"rendered":"<p>El tejido Sunbed recubierto de PVC est\u00e1 dise\u00f1ado para soportar el sol, el cloro y el agua salada, lo que lo convierte en la mejor elecci\u00f3n para tumbonas junto a la piscina y sillas de playa.<\/p>\n<p>Su tacto lujoso combinado con una gran durabilidad ofrece la mezcla perfecta de comodidad y longevidad.<\/p>","protected":false},"excerpt":{"rendered":"<p>Lujoso, duradero y listo para el sol.<\/p>","protected":false},"featured_media":984,"template":"","meta":{"_seopress_robots_primary_cat":"","_seopress_titles_title":"","_seopress_titles_desc":"","_seopress_robots_index":""},"product_cat":[33],"product_tag":[],"class_list":{"0":"post-981","1":"product","2":"type-product","3":"status-publish","4":"has-post-thumbnail","6":"product_cat-outdoor-furniture-fabric","8":"first","9":"instock","10":"shipping-taxable","11":"product-type-simple"},"_links":{"self":[{"href":"https:\/\/aoltextiles.com\/es\/wp-json\/wp\/v2\/product\/981","targetHints":{"allow":["GET"]}}],"collection":[{"href":"https:\/\/aoltextiles.com\/es\/wp-json\/wp\/v2\/product"}],"about":[{"href":"https:\/\/aoltextiles.com\/es\/wp-json\/wp\/v2\/types\/product"}],"version-history":[{"count":1,"href":"https:\/\/aoltextiles.com\/es\/wp-json\/wp\/v2\/product\/981\/revisions"}],"predecessor-version":[{"id":988,"href":"https:\/\/aoltextiles.com\/es\/wp-json\/wp\/v2\/product\/981\/revisions\/988"}],"wp:featuredmedia":[{"embeddable":true,"href":"https:\/\/aoltextiles.com\/es\/wp-json\/wp\/v2\/media\/984"}],"wp:attachment":[{"href":"https:\/\/aoltextiles.com\/es\/wp-json\/wp\/v2\/media?parent=981"}],"wp:term":[{"taxonomy":"product_cat","embeddable":true,"href":"https:\/\/aoltextiles.com\/es\/wp-json\/wp\/v2\/product_cat?post=981"},{"taxonomy":"product_tag","embeddable":true,"href":"https:\/\/aoltextiles.com\/es\/wp-json\/wp\/v2\/product_tag?post=981"}],"curies":[{"name":"wp","href":"https:\/\/api.w.org\/{rel}","templated":true}]}}