{"id":989,"date":"2024-04-09T21:01:14","date_gmt":"2024-04-09T13:01:14","guid":{"rendered":"http:\/\/aoltextiles.com\/?post_type=product&#038;p=989"},"modified":"2024-04-09T21:01:15","modified_gmt":"2024-04-09T13:01:15","slug":"synthetic-mesh-fabric","status":"publish","type":"product","link":"https:\/\/aoltextiles.com\/es\/product\/synthetic-mesh-fabric\/","title":{"rendered":"Tejido de malla sint\u00e9tica"},"content":{"rendered":"<p>Adopte la vanguardia con nuestro Tejido de Malla Sint\u00e9tica, dise\u00f1ado para quienes buscan soluciones modernas para los muebles de exterior.<\/p>\n<p>Este tejido presenta una trama de malla que permite la transpirabilidad, un secado r\u00e1pido y un aspecto contempor\u00e1neo que resiste la decoloraci\u00f3n y el moho.<\/p>","protected":false},"excerpt":{"rendered":"<p>Alta tecnolog\u00eda para un gran confort; el futuro del tejido para exteriores.<\/p>","protected":false},"featured_media":992,"template":"","meta":{"_seopress_robots_primary_cat":"","_seopress_titles_title":"","_seopress_titles_desc":"","_seopress_robots_index":""},"product_cat":[33],"product_tag":[],"class_list":{"0":"post-989","1":"product","2":"type-product","3":"status-publish","4":"has-post-thumbnail","6":"product_cat-outdoor-furniture-fabric","8":"first","9":"instock","10":"shipping-taxable","11":"product-type-simple"},"_links":{"self":[{"href":"https:\/\/aoltextiles.com\/es\/wp-json\/wp\/v2\/product\/989","targetHints":{"allow":["GET"]}}],"collection":[{"href":"https:\/\/aoltextiles.com\/es\/wp-json\/wp\/v2\/product"}],"about":[{"href":"https:\/\/aoltextiles.com\/es\/wp-json\/wp\/v2\/types\/product"}],"version-history":[{"count":1,"href":"https:\/\/aoltextiles.com\/es\/wp-json\/wp\/v2\/product\/989\/revisions"}],"predecessor-version":[{"id":996,"href":"https:\/\/aoltextiles.com\/es\/wp-json\/wp\/v2\/product\/989\/revisions\/996"}],"wp:featuredmedia":[{"embeddable":true,"href":"https:\/\/aoltextiles.com\/es\/wp-json\/wp\/v2\/media\/992"}],"wp:attachment":[{"href":"https:\/\/aoltextiles.com\/es\/wp-json\/wp\/v2\/media?parent=989"}],"wp:term":[{"taxonomy":"product_cat","embeddable":true,"href":"https:\/\/aoltextiles.com\/es\/wp-json\/wp\/v2\/product_cat?post=989"},{"taxonomy":"product_tag","embeddable":true,"href":"https:\/\/aoltextiles.com\/es\/wp-json\/wp\/v2\/product_tag?post=989"}],"curies":[{"name":"wp","href":"https:\/\/api.w.org\/{rel}","templated":true}]}}