{"id":1013,"date":"2024-04-09T21:30:58","date_gmt":"2024-04-09T13:30:58","guid":{"rendered":"http:\/\/aoltextiles.com\/?post_type=product&#038;p=1013"},"modified":"2024-04-09T21:30:58","modified_gmt":"2024-04-09T13:30:58","slug":"waterproof-outdoor-fabric","status":"publish","type":"product","link":"https:\/\/aoltextiles.com\/fr\/product\/waterproof-outdoor-fabric\/","title":{"rendered":"Tissu ext\u00e9rieur imperm\u00e9able"},"content":{"rendered":"<p>Notre tissu d'ext\u00e9rieur imperm\u00e9able est con\u00e7u pour que vos espaces de vie ext\u00e9rieurs soient aussi beaux que fonctionnels.<\/p>\n<p>R\u00e9sistant \u00e0 l'eau, aux taches et \u00e0 la d\u00e9coloration, ce tissu est parfait pour les tentures, les tissus d'ameublement et les coussins d'ext\u00e9rieur, garantissant \u00e9l\u00e9gance et confort tout au long de l'ann\u00e9e.<\/p>","protected":false},"excerpt":{"rendered":"<p>Pour faire face aux intemp\u00e9ries, l'\u00e9l\u00e9gance est durable.<\/p>","protected":false},"featured_media":1016,"template":"","meta":{"_seopress_robots_primary_cat":"","_seopress_titles_title":"","_seopress_titles_desc":"","_seopress_robots_index":""},"product_cat":[33],"product_tag":[],"class_list":{"0":"post-1013","1":"product","2":"type-product","3":"status-publish","4":"has-post-thumbnail","6":"product_cat-outdoor-furniture-fabric","8":"first","9":"instock","10":"shipping-taxable","11":"product-type-simple"},"_links":{"self":[{"href":"https:\/\/aoltextiles.com\/fr\/wp-json\/wp\/v2\/product\/1013","targetHints":{"allow":["GET"]}}],"collection":[{"href":"https:\/\/aoltextiles.com\/fr\/wp-json\/wp\/v2\/product"}],"about":[{"href":"https:\/\/aoltextiles.com\/fr\/wp-json\/wp\/v2\/types\/product"}],"version-history":[{"count":1,"href":"https:\/\/aoltextiles.com\/fr\/wp-json\/wp\/v2\/product\/1013\/revisions"}],"predecessor-version":[{"id":1020,"href":"https:\/\/aoltextiles.com\/fr\/wp-json\/wp\/v2\/product\/1013\/revisions\/1020"}],"wp:featuredmedia":[{"embeddable":true,"href":"https:\/\/aoltextiles.com\/fr\/wp-json\/wp\/v2\/media\/1016"}],"wp:attachment":[{"href":"https:\/\/aoltextiles.com\/fr\/wp-json\/wp\/v2\/media?parent=1013"}],"wp:term":[{"taxonomy":"product_cat","embeddable":true,"href":"https:\/\/aoltextiles.com\/fr\/wp-json\/wp\/v2\/product_cat?post=1013"},{"taxonomy":"product_tag","embeddable":true,"href":"https:\/\/aoltextiles.com\/fr\/wp-json\/wp\/v2\/product_tag?post=1013"}],"curies":[{"name":"wp","href":"https:\/\/api.w.org\/{rel}","templated":true}]}}