{"id":1021,"date":"2024-04-09T21:34:32","date_gmt":"2024-04-09T13:34:32","guid":{"rendered":"http:\/\/aoltextiles.com\/?post_type=product&#038;p=1021"},"modified":"2024-04-09T21:34:33","modified_gmt":"2024-04-09T13:34:33","slug":"durable-outdoor-fabric","status":"publish","type":"product","link":"https:\/\/aoltextiles.com\/fr\/product\/durable-outdoor-fabric\/","title":{"rendered":"Tissu durable pour l'ext\u00e9rieur"},"content":{"rendered":"<p>Le tissu durable pour l'ext\u00e9rieur est con\u00e7u pour r\u00e9pondre aux exigences de la vie en plein air.<\/p>\n<p>Gr\u00e2ce \u00e0 sa construction robuste, il r\u00e9siste aux intemp\u00e9ries, aux rayons UV et \u00e0 une utilisation fr\u00e9quente, ce qui le rend id\u00e9al pour les meubles de patio, les coussins d'ext\u00e9rieur et bien plus encore, sans sacrifier le style ou le confort.<\/p>","protected":false},"excerpt":{"rendered":"<p>Pour un espace de vie durable, robuste mais de bon go\u00fbt.<\/p>","protected":false},"featured_media":1024,"template":"","meta":{"_seopress_robots_primary_cat":"","_seopress_titles_title":"","_seopress_titles_desc":"","_seopress_robots_index":""},"product_cat":[33],"product_tag":[],"class_list":{"0":"post-1021","1":"product","2":"type-product","3":"status-publish","4":"has-post-thumbnail","6":"product_cat-outdoor-furniture-fabric","8":"first","9":"instock","10":"shipping-taxable","11":"product-type-simple"},"_links":{"self":[{"href":"https:\/\/aoltextiles.com\/fr\/wp-json\/wp\/v2\/product\/1021","targetHints":{"allow":["GET"]}}],"collection":[{"href":"https:\/\/aoltextiles.com\/fr\/wp-json\/wp\/v2\/product"}],"about":[{"href":"https:\/\/aoltextiles.com\/fr\/wp-json\/wp\/v2\/types\/product"}],"version-history":[{"count":1,"href":"https:\/\/aoltextiles.com\/fr\/wp-json\/wp\/v2\/product\/1021\/revisions"}],"predecessor-version":[{"id":1028,"href":"https:\/\/aoltextiles.com\/fr\/wp-json\/wp\/v2\/product\/1021\/revisions\/1028"}],"wp:featuredmedia":[{"embeddable":true,"href":"https:\/\/aoltextiles.com\/fr\/wp-json\/wp\/v2\/media\/1024"}],"wp:attachment":[{"href":"https:\/\/aoltextiles.com\/fr\/wp-json\/wp\/v2\/media?parent=1021"}],"wp:term":[{"taxonomy":"product_cat","embeddable":true,"href":"https:\/\/aoltextiles.com\/fr\/wp-json\/wp\/v2\/product_cat?post=1021"},{"taxonomy":"product_tag","embeddable":true,"href":"https:\/\/aoltextiles.com\/fr\/wp-json\/wp\/v2\/product_tag?post=1021"}],"curies":[{"name":"wp","href":"https:\/\/api.w.org\/{rel}","templated":true}]}}