{"id":1037,"date":"2024-04-09T21:41:06","date_gmt":"2024-04-09T13:41:06","guid":{"rendered":"http:\/\/aoltextiles.com\/?post_type=product&#038;p=1037"},"modified":"2024-04-09T21:41:07","modified_gmt":"2024-04-09T13:41:07","slug":"solar-screen-fabric-by-the-yard","status":"publish","type":"product","link":"https:\/\/aoltextiles.com\/fr\/product\/solar-screen-fabric-by-the-yard\/","title":{"rendered":"Tissu pour \u00e9cran solaire au m\u00e8tre"},"content":{"rendered":"<p>Notre tissu solaire au m\u00e8tre est con\u00e7u pour garder les int\u00e9rieurs frais et confortables tout en permettant \u00e0 la lumi\u00e8re naturelle de filtrer magnifiquement. Parfait pour r\u00e9duire l'\u00e9blouissement et prot\u00e9ger contre les dommages caus\u00e9s par les UV, il est id\u00e9al pour les traitements de fen\u00eatres qui am\u00e9liorent l'efficacit\u00e9 \u00e9nerg\u00e9tique.<\/p>","protected":false},"excerpt":{"rendered":"<p>Maximiser les \u00e9conomies d'\u00e9nergie ; filtrer la lumi\u00e8re avec \u00e9l\u00e9gance.<\/p>","protected":false},"featured_media":1040,"template":"","meta":{"_seopress_robots_primary_cat":"","_seopress_titles_title":"","_seopress_titles_desc":"","_seopress_robots_index":""},"product_cat":[34],"product_tag":[],"class_list":{"0":"post-1037","1":"product","2":"type-product","3":"status-publish","4":"has-post-thumbnail","6":"product_cat-shade-screen","8":"first","9":"instock","10":"shipping-taxable","11":"product-type-simple"},"_links":{"self":[{"href":"https:\/\/aoltextiles.com\/fr\/wp-json\/wp\/v2\/product\/1037","targetHints":{"allow":["GET"]}}],"collection":[{"href":"https:\/\/aoltextiles.com\/fr\/wp-json\/wp\/v2\/product"}],"about":[{"href":"https:\/\/aoltextiles.com\/fr\/wp-json\/wp\/v2\/types\/product"}],"version-history":[{"count":1,"href":"https:\/\/aoltextiles.com\/fr\/wp-json\/wp\/v2\/product\/1037\/revisions"}],"predecessor-version":[{"id":1044,"href":"https:\/\/aoltextiles.com\/fr\/wp-json\/wp\/v2\/product\/1037\/revisions\/1044"}],"wp:featuredmedia":[{"embeddable":true,"href":"https:\/\/aoltextiles.com\/fr\/wp-json\/wp\/v2\/media\/1040"}],"wp:attachment":[{"href":"https:\/\/aoltextiles.com\/fr\/wp-json\/wp\/v2\/media?parent=1037"}],"wp:term":[{"taxonomy":"product_cat","embeddable":true,"href":"https:\/\/aoltextiles.com\/fr\/wp-json\/wp\/v2\/product_cat?post=1037"},{"taxonomy":"product_tag","embeddable":true,"href":"https:\/\/aoltextiles.com\/fr\/wp-json\/wp\/v2\/product_tag?post=1037"}],"curies":[{"name":"wp","href":"https:\/\/api.w.org\/{rel}","templated":true}]}}