{"id":1061,"date":"2024-04-09T21:50:09","date_gmt":"2024-04-09T13:50:09","guid":{"rendered":"http:\/\/aoltextiles.com\/?post_type=product&#038;p=1061"},"modified":"2024-04-09T21:50:09","modified_gmt":"2024-04-09T13:50:09","slug":"sunscreen-awning-fabric","status":"publish","type":"product","link":"https:\/\/aoltextiles.com\/fr\/product\/sunscreen-awning-fabric\/","title":{"rendered":"Tissu d'auvent de protection solaire"},"content":{"rendered":"<p>Combinez l'esth\u00e9tique et la fonctionnalit\u00e9 avec notre toile de store Sunscreen.<\/p>\n<p>Offrant une protection exceptionnelle contre les UV et une r\u00e9sistance \u00e0 l'eau, ce tissu est parfait pour les stores et les auvents, am\u00e9liorant les espaces de vie ext\u00e9rieurs tout en fournissant l'ombre et la protection n\u00e9cessaires contre les intemp\u00e9ries.<\/p>","protected":false},"excerpt":{"rendered":"<p>Cette \u00e9l\u00e9gante toile de store allie le style \u00e0 la fonction.<\/p>","protected":false},"featured_media":1064,"template":"","meta":{"_seopress_robots_primary_cat":"","_seopress_titles_title":"","_seopress_titles_desc":"","_seopress_robots_index":""},"product_cat":[34],"product_tag":[],"class_list":{"0":"post-1061","1":"product","2":"type-product","3":"status-publish","4":"has-post-thumbnail","6":"product_cat-shade-screen","8":"first","9":"instock","10":"shipping-taxable","11":"product-type-simple"},"_links":{"self":[{"href":"https:\/\/aoltextiles.com\/fr\/wp-json\/wp\/v2\/product\/1061","targetHints":{"allow":["GET"]}}],"collection":[{"href":"https:\/\/aoltextiles.com\/fr\/wp-json\/wp\/v2\/product"}],"about":[{"href":"https:\/\/aoltextiles.com\/fr\/wp-json\/wp\/v2\/types\/product"}],"version-history":[{"count":1,"href":"https:\/\/aoltextiles.com\/fr\/wp-json\/wp\/v2\/product\/1061\/revisions"}],"predecessor-version":[{"id":1068,"href":"https:\/\/aoltextiles.com\/fr\/wp-json\/wp\/v2\/product\/1061\/revisions\/1068"}],"wp:featuredmedia":[{"embeddable":true,"href":"https:\/\/aoltextiles.com\/fr\/wp-json\/wp\/v2\/media\/1064"}],"wp:attachment":[{"href":"https:\/\/aoltextiles.com\/fr\/wp-json\/wp\/v2\/media?parent=1061"}],"wp:term":[{"taxonomy":"product_cat","embeddable":true,"href":"https:\/\/aoltextiles.com\/fr\/wp-json\/wp\/v2\/product_cat?post=1061"},{"taxonomy":"product_tag","embeddable":true,"href":"https:\/\/aoltextiles.com\/fr\/wp-json\/wp\/v2\/product_tag?post=1061"}],"curies":[{"name":"wp","href":"https:\/\/api.w.org\/{rel}","templated":true}]}}