{"id":1077,"date":"2024-04-09T21:55:59","date_gmt":"2024-04-09T13:55:59","guid":{"rendered":"http:\/\/aoltextiles.com\/?post_type=product&#038;p=1077"},"modified":"2024-04-09T22:16:02","modified_gmt":"2024-04-09T14:16:02","slug":"fabric-sunshades-high-uv","status":"publish","type":"product","link":"https:\/\/aoltextiles.com\/fr\/product\/fabric-sunshades-high-uv\/","title":{"rendered":"Pare-soleil en tissu High UV"},"content":{"rendered":"<p>Am\u00e9liorez votre protection ext\u00e9rieure avec nos parasols en tissu.<\/p>\n<p>Con\u00e7us pour prot\u00e9ger des niveaux \u00e9lev\u00e9s de rayonnement UV, ces parasols garantissent que vos activit\u00e9s ext\u00e9rieures sont \u00e0 la fois s\u00fbres et agr\u00e9ables, en offrant un environnement frais et ombrag\u00e9 sans compromettre la lumi\u00e8re du jour ou la visibilit\u00e9.<\/p>","protected":false},"excerpt":{"rendered":"<p>Haute protection contre les UV l\u00e0 o\u00f9 c'est le plus important.<\/p>","protected":false},"featured_media":1080,"template":"","meta":{"_seopress_robots_primary_cat":"none","_seopress_titles_title":"","_seopress_titles_desc":"","_seopress_robots_index":""},"product_cat":[34],"product_tag":[],"class_list":{"0":"post-1077","1":"product","2":"type-product","3":"status-publish","4":"has-post-thumbnail","6":"product_cat-shade-screen","8":"first","9":"instock","10":"shipping-taxable","11":"product-type-simple"},"_links":{"self":[{"href":"https:\/\/aoltextiles.com\/fr\/wp-json\/wp\/v2\/product\/1077","targetHints":{"allow":["GET"]}}],"collection":[{"href":"https:\/\/aoltextiles.com\/fr\/wp-json\/wp\/v2\/product"}],"about":[{"href":"https:\/\/aoltextiles.com\/fr\/wp-json\/wp\/v2\/types\/product"}],"version-history":[{"count":1,"href":"https:\/\/aoltextiles.com\/fr\/wp-json\/wp\/v2\/product\/1077\/revisions"}],"predecessor-version":[{"id":1084,"href":"https:\/\/aoltextiles.com\/fr\/wp-json\/wp\/v2\/product\/1077\/revisions\/1084"}],"wp:featuredmedia":[{"embeddable":true,"href":"https:\/\/aoltextiles.com\/fr\/wp-json\/wp\/v2\/media\/1080"}],"wp:attachment":[{"href":"https:\/\/aoltextiles.com\/fr\/wp-json\/wp\/v2\/media?parent=1077"}],"wp:term":[{"taxonomy":"product_cat","embeddable":true,"href":"https:\/\/aoltextiles.com\/fr\/wp-json\/wp\/v2\/product_cat?post=1077"},{"taxonomy":"product_tag","embeddable":true,"href":"https:\/\/aoltextiles.com\/fr\/wp-json\/wp\/v2\/product_tag?post=1077"}],"curies":[{"name":"wp","href":"https:\/\/api.w.org\/{rel}","templated":true}]}}