{"id":1085,"date":"2024-04-09T21:58:54","date_gmt":"2024-04-09T13:58:54","guid":{"rendered":"http:\/\/aoltextiles.com\/?post_type=product&#038;p=1085"},"modified":"2024-04-09T21:58:54","modified_gmt":"2024-04-09T13:58:54","slug":"solar-screen-material-rolls","status":"publish","type":"product","link":"https:\/\/aoltextiles.com\/fr\/product\/solar-screen-material-rolls\/","title":{"rendered":"Rouleaux de mat\u00e9riaux pour \u00e9crans solaires"},"content":{"rendered":"<p>Gr\u00e2ce \u00e0 nos rouleaux de mat\u00e9riaux pour \u00e9crans solaires, il n'a jamais \u00e9t\u00e9 aussi facile de personnaliser votre protection solaire.<\/p>\n<p>Id\u00e9al pour les fen\u00eatres, les porches et les cl\u00f4tures, ce mat\u00e9riau r\u00e9duit la chaleur et l'\u00e9blouissement tout en pr\u00e9servant la vue sur l'ext\u00e9rieur, ce qui en fait un choix judicieux pour un mode de vie \u00e9cologique et efficace.<\/p>","protected":false},"excerpt":{"rendered":"<p>D\u00e9rouler la protection contre l'\u00e9blouissement et la chaleur du soleil.<\/p>","protected":false},"featured_media":1088,"template":"","meta":{"_seopress_robots_primary_cat":"","_seopress_titles_title":"","_seopress_titles_desc":"","_seopress_robots_index":""},"product_cat":[34],"product_tag":[],"class_list":{"0":"post-1085","1":"product","2":"type-product","3":"status-publish","4":"has-post-thumbnail","6":"product_cat-shade-screen","8":"first","9":"instock","10":"shipping-taxable","11":"product-type-simple"},"_links":{"self":[{"href":"https:\/\/aoltextiles.com\/fr\/wp-json\/wp\/v2\/product\/1085","targetHints":{"allow":["GET"]}}],"collection":[{"href":"https:\/\/aoltextiles.com\/fr\/wp-json\/wp\/v2\/product"}],"about":[{"href":"https:\/\/aoltextiles.com\/fr\/wp-json\/wp\/v2\/types\/product"}],"version-history":[{"count":1,"href":"https:\/\/aoltextiles.com\/fr\/wp-json\/wp\/v2\/product\/1085\/revisions"}],"predecessor-version":[{"id":1092,"href":"https:\/\/aoltextiles.com\/fr\/wp-json\/wp\/v2\/product\/1085\/revisions\/1092"}],"wp:featuredmedia":[{"embeddable":true,"href":"https:\/\/aoltextiles.com\/fr\/wp-json\/wp\/v2\/media\/1088"}],"wp:attachment":[{"href":"https:\/\/aoltextiles.com\/fr\/wp-json\/wp\/v2\/media?parent=1085"}],"wp:term":[{"taxonomy":"product_cat","embeddable":true,"href":"https:\/\/aoltextiles.com\/fr\/wp-json\/wp\/v2\/product_cat?post=1085"},{"taxonomy":"product_tag","embeddable":true,"href":"https:\/\/aoltextiles.com\/fr\/wp-json\/wp\/v2\/product_tag?post=1085"}],"curies":[{"name":"wp","href":"https:\/\/api.w.org\/{rel}","templated":true}]}}