{"id":1093,"date":"2024-04-09T22:02:15","date_gmt":"2024-04-09T14:02:15","guid":{"rendered":"http:\/\/aoltextiles.com\/?post_type=product&#038;p=1093"},"modified":"2024-04-09T22:02:15","modified_gmt":"2024-04-09T14:02:15","slug":"outdoor-shade-fabric-by-the-yard","status":"publish","type":"product","link":"https:\/\/aoltextiles.com\/fr\/product\/outdoor-shade-fabric-by-the-yard\/","title":{"rendered":"Tissu d'ombrage ext\u00e9rieur au m\u00e8tre"},"content":{"rendered":"<p>Personnalisez votre ombrage \u00e0 la perfection avec notre tissu d'ombrage ext\u00e9rieur au m\u00e8tre. Polyvalent, ce tissu offre une protection solaire efficace, ce qui le rend id\u00e9al pour cr\u00e9er des auvents personnalis\u00e9s, des marquises ou m\u00eame des rideaux d'ext\u00e9rieur pour un coin douillet et ombrag\u00e9.<\/p>","protected":false},"excerpt":{"rendered":"<p>Des solutions d'ombrage sur mesure avec une touche personnelle.<\/p>","protected":false},"featured_media":1096,"template":"","meta":{"_seopress_robots_primary_cat":"","_seopress_titles_title":"","_seopress_titles_desc":"","_seopress_robots_index":""},"product_cat":[34],"product_tag":[],"class_list":{"0":"post-1093","1":"product","2":"type-product","3":"status-publish","4":"has-post-thumbnail","6":"product_cat-shade-screen","8":"first","9":"instock","10":"shipping-taxable","11":"product-type-simple"},"_links":{"self":[{"href":"https:\/\/aoltextiles.com\/fr\/wp-json\/wp\/v2\/product\/1093","targetHints":{"allow":["GET"]}}],"collection":[{"href":"https:\/\/aoltextiles.com\/fr\/wp-json\/wp\/v2\/product"}],"about":[{"href":"https:\/\/aoltextiles.com\/fr\/wp-json\/wp\/v2\/types\/product"}],"version-history":[{"count":1,"href":"https:\/\/aoltextiles.com\/fr\/wp-json\/wp\/v2\/product\/1093\/revisions"}],"predecessor-version":[{"id":1100,"href":"https:\/\/aoltextiles.com\/fr\/wp-json\/wp\/v2\/product\/1093\/revisions\/1100"}],"wp:featuredmedia":[{"embeddable":true,"href":"https:\/\/aoltextiles.com\/fr\/wp-json\/wp\/v2\/media\/1096"}],"wp:attachment":[{"href":"https:\/\/aoltextiles.com\/fr\/wp-json\/wp\/v2\/media?parent=1093"}],"wp:term":[{"taxonomy":"product_cat","embeddable":true,"href":"https:\/\/aoltextiles.com\/fr\/wp-json\/wp\/v2\/product_cat?post=1093"},{"taxonomy":"product_tag","embeddable":true,"href":"https:\/\/aoltextiles.com\/fr\/wp-json\/wp\/v2\/product_tag?post=1093"}],"curies":[{"name":"wp","href":"https:\/\/api.w.org\/{rel}","templated":true}]}}