{"id":1101,"date":"2024-04-09T22:04:53","date_gmt":"2024-04-09T14:04:53","guid":{"rendered":"http:\/\/aoltextiles.com\/?post_type=product&#038;p=1101"},"modified":"2024-04-09T22:04:54","modified_gmt":"2024-04-09T14:04:54","slug":"arizona-sun-shades-fabric","status":"publish","type":"product","link":"https:\/\/aoltextiles.com\/fr\/product\/arizona-sun-shades-fabric\/","title":{"rendered":"Tissu Arizona Sun Shades"},"content":{"rendered":"<p>Notre tissu pour parasols Arizona est con\u00e7u pour r\u00e9sister aux rayons du soleil les plus durs, refl\u00e9tant ainsi la r\u00e9sistance du d\u00e9sert.<\/p>\n<p>Parfait pour les zones fortement expos\u00e9es au soleil, il offre une protection UV et une durabilit\u00e9 sup\u00e9rieures, garantissant que votre espace reste confortable et prot\u00e9g\u00e9 tout au long de l'ann\u00e9e.<\/p>","protected":false},"excerpt":{"rendered":"<p>Inspir\u00e9 par le d\u00e9sert, con\u00e7u pour le soleil.<\/p>","protected":false},"featured_media":1104,"template":"","meta":{"_seopress_robots_primary_cat":"","_seopress_titles_title":"","_seopress_titles_desc":"","_seopress_robots_index":""},"product_cat":[34],"product_tag":[],"class_list":{"0":"post-1101","1":"product","2":"type-product","3":"status-publish","4":"has-post-thumbnail","6":"product_cat-shade-screen","8":"first","9":"instock","10":"shipping-taxable","11":"product-type-simple"},"_links":{"self":[{"href":"https:\/\/aoltextiles.com\/fr\/wp-json\/wp\/v2\/product\/1101","targetHints":{"allow":["GET"]}}],"collection":[{"href":"https:\/\/aoltextiles.com\/fr\/wp-json\/wp\/v2\/product"}],"about":[{"href":"https:\/\/aoltextiles.com\/fr\/wp-json\/wp\/v2\/types\/product"}],"version-history":[{"count":1,"href":"https:\/\/aoltextiles.com\/fr\/wp-json\/wp\/v2\/product\/1101\/revisions"}],"predecessor-version":[{"id":1108,"href":"https:\/\/aoltextiles.com\/fr\/wp-json\/wp\/v2\/product\/1101\/revisions\/1108"}],"wp:featuredmedia":[{"embeddable":true,"href":"https:\/\/aoltextiles.com\/fr\/wp-json\/wp\/v2\/media\/1104"}],"wp:attachment":[{"href":"https:\/\/aoltextiles.com\/fr\/wp-json\/wp\/v2\/media?parent=1101"}],"wp:term":[{"taxonomy":"product_cat","embeddable":true,"href":"https:\/\/aoltextiles.com\/fr\/wp-json\/wp\/v2\/product_cat?post=1101"},{"taxonomy":"product_tag","embeddable":true,"href":"https:\/\/aoltextiles.com\/fr\/wp-json\/wp\/v2\/product_tag?post=1101"}],"curies":[{"name":"wp","href":"https:\/\/api.w.org\/{rel}","templated":true}]}}