{"id":1118,"date":"2024-04-09T22:11:12","date_gmt":"2024-04-09T14:11:12","guid":{"rendered":"http:\/\/aoltextiles.com\/?post_type=product&#038;p=1118"},"modified":"2024-04-09T22:11:12","modified_gmt":"2024-04-09T14:11:12","slug":"sunshade-pvc-fabric","status":"publish","type":"product","link":"https:\/\/aoltextiles.com\/fr\/product\/sunshade-pvc-fabric\/","title":{"rendered":"Parasol en tissu PVC"},"content":{"rendered":"<p>Le tissu PVC du parasol allie un design l\u00e9ger \u00e0 une protection robuste.<\/p>\n<p>Ce tissu est un excellent choix pour les stores et \u00e9crans ext\u00e9rieurs, car il offre une grande r\u00e9sistance aux UV et aux intemp\u00e9ries, ce qui permet de prot\u00e9ger confortablement vos espaces ext\u00e9rieurs.<\/p>","protected":false},"excerpt":{"rendered":"<p>Option d'ombrage l\u00e9g\u00e8re mais robuste.<\/p>","protected":false},"featured_media":1121,"template":"","meta":{"_seopress_robots_primary_cat":"","_seopress_titles_title":"","_seopress_titles_desc":"","_seopress_robots_index":""},"product_cat":[34],"product_tag":[],"class_list":{"0":"post-1118","1":"product","2":"type-product","3":"status-publish","4":"has-post-thumbnail","6":"product_cat-shade-screen","8":"first","9":"instock","10":"shipping-taxable","11":"product-type-simple"},"_links":{"self":[{"href":"https:\/\/aoltextiles.com\/fr\/wp-json\/wp\/v2\/product\/1118","targetHints":{"allow":["GET"]}}],"collection":[{"href":"https:\/\/aoltextiles.com\/fr\/wp-json\/wp\/v2\/product"}],"about":[{"href":"https:\/\/aoltextiles.com\/fr\/wp-json\/wp\/v2\/types\/product"}],"version-history":[{"count":1,"href":"https:\/\/aoltextiles.com\/fr\/wp-json\/wp\/v2\/product\/1118\/revisions"}],"predecessor-version":[{"id":1125,"href":"https:\/\/aoltextiles.com\/fr\/wp-json\/wp\/v2\/product\/1118\/revisions\/1125"}],"wp:featuredmedia":[{"embeddable":true,"href":"https:\/\/aoltextiles.com\/fr\/wp-json\/wp\/v2\/media\/1121"}],"wp:attachment":[{"href":"https:\/\/aoltextiles.com\/fr\/wp-json\/wp\/v2\/media?parent=1118"}],"wp:term":[{"taxonomy":"product_cat","embeddable":true,"href":"https:\/\/aoltextiles.com\/fr\/wp-json\/wp\/v2\/product_cat?post=1118"},{"taxonomy":"product_tag","embeddable":true,"href":"https:\/\/aoltextiles.com\/fr\/wp-json\/wp\/v2\/product_tag?post=1118"}],"curies":[{"name":"wp","href":"https:\/\/api.w.org\/{rel}","templated":true}]}}