{"id":1149,"date":"2024-04-10T20:44:25","date_gmt":"2024-04-10T12:44:25","guid":{"rendered":"http:\/\/aoltextiles.com\/?post_type=product&#038;p=1149"},"modified":"2024-04-10T20:44:25","modified_gmt":"2024-04-10T12:44:25","slug":"pvc-mesh-for-outdoor-chair","status":"publish","type":"product","link":"https:\/\/aoltextiles.com\/fr\/product\/pvc-mesh-for-outdoor-chair\/","title":{"rendered":"Maille PVC pour chaise d'ext\u00e9rieur"},"content":{"rendered":"<p>Notre tissu PVC pour chaises d'ext\u00e9rieur apporte durabilit\u00e9 et confort au premier plan de la conception des meubles d'ext\u00e9rieur. Ce tissu \u00e0 tissage serr\u00e9 garantit la long\u00e9vit\u00e9 et la r\u00e9sistance aux \u00e9l\u00e9ments, ce qui le rend id\u00e9al pour cr\u00e9er des si\u00e8ges confortables et de haute qualit\u00e9 qui conservent leur apparence saison apr\u00e8s saison.<\/p>","protected":false},"excerpt":{"rendered":"<p>\u00c9lever les si\u00e8ges d'ext\u00e9rieur gr\u00e2ce \u00e0 une maille durable\u3002<\/p>","protected":false},"featured_media":1152,"template":"","meta":{"_seopress_robots_primary_cat":"","_seopress_titles_title":"","_seopress_titles_desc":"","_seopress_robots_index":""},"product_cat":[21],"product_tag":[],"class_list":{"0":"post-1149","1":"product","2":"type-product","3":"status-publish","4":"has-post-thumbnail","6":"product_cat-pvc-woven-mesh","8":"first","9":"instock","10":"shipping-taxable","11":"product-type-simple"},"_links":{"self":[{"href":"https:\/\/aoltextiles.com\/fr\/wp-json\/wp\/v2\/product\/1149","targetHints":{"allow":["GET"]}}],"collection":[{"href":"https:\/\/aoltextiles.com\/fr\/wp-json\/wp\/v2\/product"}],"about":[{"href":"https:\/\/aoltextiles.com\/fr\/wp-json\/wp\/v2\/types\/product"}],"version-history":[{"count":1,"href":"https:\/\/aoltextiles.com\/fr\/wp-json\/wp\/v2\/product\/1149\/revisions"}],"predecessor-version":[{"id":1337,"href":"https:\/\/aoltextiles.com\/fr\/wp-json\/wp\/v2\/product\/1149\/revisions\/1337"}],"wp:featuredmedia":[{"embeddable":true,"href":"https:\/\/aoltextiles.com\/fr\/wp-json\/wp\/v2\/media\/1152"}],"wp:attachment":[{"href":"https:\/\/aoltextiles.com\/fr\/wp-json\/wp\/v2\/media?parent=1149"}],"wp:term":[{"taxonomy":"product_cat","embeddable":true,"href":"https:\/\/aoltextiles.com\/fr\/wp-json\/wp\/v2\/product_cat?post=1149"},{"taxonomy":"product_tag","embeddable":true,"href":"https:\/\/aoltextiles.com\/fr\/wp-json\/wp\/v2\/product_tag?post=1149"}],"curies":[{"name":"wp","href":"https:\/\/api.w.org\/{rel}","templated":true}]}}