{"id":1338,"date":"2024-04-10T20:46:25","date_gmt":"2024-04-10T12:46:25","guid":{"rendered":"http:\/\/aoltextiles.com\/?post_type=product&#038;p=1338"},"modified":"2024-04-10T20:46:25","modified_gmt":"2024-04-10T12:46:25","slug":"woven-mesh-fabric","status":"publish","type":"product","link":"https:\/\/aoltextiles.com\/fr\/product\/woven-mesh-fabric\/","title":{"rendered":"Tissu en maille tiss\u00e9e"},"content":{"rendered":"<p>La maille tiss\u00e9e allie une esth\u00e9tique classique \u00e0 une durabilit\u00e9 in\u00e9gal\u00e9e.<\/p>\n<p>Son rev\u00eatement en PVC ajoute une couche de protection contre les rayons UV, l'humidit\u00e9 et l'usure, ce qui le rend parfait pour les meubles d'ext\u00e9rieur, les \u00e9crans et les applications marines o\u00f9 la fiabilit\u00e9 est essentielle.<\/p>","protected":false},"excerpt":{"rendered":"<p>Tissage classique, r\u00e9sistance exceptionnelle.<\/p>","protected":false},"featured_media":1156,"template":"","meta":{"_seopress_robots_primary_cat":"","_seopress_titles_title":"","_seopress_titles_desc":"","_seopress_robots_index":""},"product_cat":[21],"product_tag":[],"class_list":{"0":"post-1338","1":"product","2":"type-product","3":"status-publish","4":"has-post-thumbnail","6":"product_cat-pvc-woven-mesh","8":"first","9":"instock","10":"shipping-taxable","11":"product-type-simple"},"_links":{"self":[{"href":"https:\/\/aoltextiles.com\/fr\/wp-json\/wp\/v2\/product\/1338","targetHints":{"allow":["GET"]}}],"collection":[{"href":"https:\/\/aoltextiles.com\/fr\/wp-json\/wp\/v2\/product"}],"about":[{"href":"https:\/\/aoltextiles.com\/fr\/wp-json\/wp\/v2\/types\/product"}],"version-history":[{"count":1,"href":"https:\/\/aoltextiles.com\/fr\/wp-json\/wp\/v2\/product\/1338\/revisions"}],"predecessor-version":[{"id":1341,"href":"https:\/\/aoltextiles.com\/fr\/wp-json\/wp\/v2\/product\/1338\/revisions\/1341"}],"wp:featuredmedia":[{"embeddable":true,"href":"https:\/\/aoltextiles.com\/fr\/wp-json\/wp\/v2\/media\/1156"}],"wp:attachment":[{"href":"https:\/\/aoltextiles.com\/fr\/wp-json\/wp\/v2\/media?parent=1338"}],"wp:term":[{"taxonomy":"product_cat","embeddable":true,"href":"https:\/\/aoltextiles.com\/fr\/wp-json\/wp\/v2\/product_cat?post=1338"},{"taxonomy":"product_tag","embeddable":true,"href":"https:\/\/aoltextiles.com\/fr\/wp-json\/wp\/v2\/product_tag?post=1338"}],"curies":[{"name":"wp","href":"https:\/\/api.w.org\/{rel}","templated":true}]}}