{"id":1342,"date":"2024-04-10T20:48:06","date_gmt":"2024-04-10T12:48:06","guid":{"rendered":"http:\/\/aoltextiles.com\/?post_type=product&#038;p=1342"},"modified":"2024-04-10T20:48:06","modified_gmt":"2024-04-10T12:48:06","slug":"pvc-coated-polyester-mesh-fibers","status":"publish","type":"product","link":"https:\/\/aoltextiles.com\/fr\/product\/pvc-coated-polyester-mesh-fibers\/","title":{"rendered":"Fibres de maille polyester enduites de PVC"},"content":{"rendered":"<p>Con\u00e7ues pour les conditions extr\u00eames, nos fibres de polyester enduites de PVC offrent une r\u00e9sistance et une polyvalence sup\u00e9rieures.<\/p>\n<p>Ce tissu est id\u00e9al pour les applications industrielles, le mobilier d'ext\u00e9rieur et tout projet n\u00e9cessitant un mat\u00e9riau qui r\u00e9siste aux intemp\u00e9ries, \u00e0 l'usure et \u00e0 la lumi\u00e8re du soleil sans compromettre les performances.<\/p>","protected":false},"excerpt":{"rendered":"<p>Pour les projets exigeant les mat\u00e9riaux les plus r\u00e9sistants.<\/p>","protected":false},"featured_media":1164,"template":"","meta":{"_seopress_robots_primary_cat":"","_seopress_titles_title":"","_seopress_titles_desc":"","_seopress_robots_index":""},"product_cat":[21],"product_tag":[],"class_list":{"0":"post-1342","1":"product","2":"type-product","3":"status-publish","4":"has-post-thumbnail","6":"product_cat-pvc-woven-mesh","8":"first","9":"instock","10":"shipping-taxable","11":"product-type-simple"},"_links":{"self":[{"href":"https:\/\/aoltextiles.com\/fr\/wp-json\/wp\/v2\/product\/1342","targetHints":{"allow":["GET"]}}],"collection":[{"href":"https:\/\/aoltextiles.com\/fr\/wp-json\/wp\/v2\/product"}],"about":[{"href":"https:\/\/aoltextiles.com\/fr\/wp-json\/wp\/v2\/types\/product"}],"version-history":[{"count":1,"href":"https:\/\/aoltextiles.com\/fr\/wp-json\/wp\/v2\/product\/1342\/revisions"}],"predecessor-version":[{"id":1345,"href":"https:\/\/aoltextiles.com\/fr\/wp-json\/wp\/v2\/product\/1342\/revisions\/1345"}],"wp:featuredmedia":[{"embeddable":true,"href":"https:\/\/aoltextiles.com\/fr\/wp-json\/wp\/v2\/media\/1164"}],"wp:attachment":[{"href":"https:\/\/aoltextiles.com\/fr\/wp-json\/wp\/v2\/media?parent=1342"}],"wp:term":[{"taxonomy":"product_cat","embeddable":true,"href":"https:\/\/aoltextiles.com\/fr\/wp-json\/wp\/v2\/product_cat?post=1342"},{"taxonomy":"product_tag","embeddable":true,"href":"https:\/\/aoltextiles.com\/fr\/wp-json\/wp\/v2\/product_tag?post=1342"}],"curies":[{"name":"wp","href":"https:\/\/api.w.org\/{rel}","templated":true}]}}