{"id":1350,"date":"2024-04-10T20:51:25","date_gmt":"2024-04-10T12:51:25","guid":{"rendered":"http:\/\/aoltextiles.com\/?post_type=product&#038;p=1350"},"modified":"2024-04-10T20:51:25","modified_gmt":"2024-04-10T12:51:25","slug":"pvc-coated-mesh-for-cushion","status":"publish","type":"product","link":"https:\/\/aoltextiles.com\/fr\/product\/pvc-coated-mesh-for-cushion\/","title":{"rendered":"Maille enduite de PVC pour les coussins"},"content":{"rendered":"<p>Notre maille enduite de PVC pour les coussins offre le summum du confort et de l'\u00e9lasticit\u00e9.<\/p>\n<p>Con\u00e7u pour drainer l'eau et r\u00e9sister \u00e0 la moisissure, il est parfait pour les coussins et les si\u00e8ges d'ext\u00e9rieur qui restent moelleux et confortables, qu'il pleuve ou qu'il vente. Sa durabilit\u00e9 en fait un favori pour les espaces de vie ext\u00e9rieurs qui exigent \u00e0 la fois luxe et long\u00e9vit\u00e9.<\/p>","protected":false},"excerpt":{"rendered":"<p>Doux, durable et pr\u00eat \u00e0 affronter tous les temps.<\/p>","protected":false},"featured_media":1171,"template":"","meta":{"_seopress_robots_primary_cat":"","_seopress_titles_title":"","_seopress_titles_desc":"","_seopress_robots_index":""},"product_cat":[21],"product_tag":[],"class_list":{"0":"post-1350","1":"product","2":"type-product","3":"status-publish","4":"has-post-thumbnail","6":"product_cat-pvc-woven-mesh","8":"first","9":"instock","10":"shipping-taxable","11":"product-type-simple"},"_links":{"self":[{"href":"https:\/\/aoltextiles.com\/fr\/wp-json\/wp\/v2\/product\/1350","targetHints":{"allow":["GET"]}}],"collection":[{"href":"https:\/\/aoltextiles.com\/fr\/wp-json\/wp\/v2\/product"}],"about":[{"href":"https:\/\/aoltextiles.com\/fr\/wp-json\/wp\/v2\/types\/product"}],"version-history":[{"count":1,"href":"https:\/\/aoltextiles.com\/fr\/wp-json\/wp\/v2\/product\/1350\/revisions"}],"predecessor-version":[{"id":1353,"href":"https:\/\/aoltextiles.com\/fr\/wp-json\/wp\/v2\/product\/1350\/revisions\/1353"}],"wp:featuredmedia":[{"embeddable":true,"href":"https:\/\/aoltextiles.com\/fr\/wp-json\/wp\/v2\/media\/1171"}],"wp:attachment":[{"href":"https:\/\/aoltextiles.com\/fr\/wp-json\/wp\/v2\/media?parent=1350"}],"wp:term":[{"taxonomy":"product_cat","embeddable":true,"href":"https:\/\/aoltextiles.com\/fr\/wp-json\/wp\/v2\/product_cat?post=1350"},{"taxonomy":"product_tag","embeddable":true,"href":"https:\/\/aoltextiles.com\/fr\/wp-json\/wp\/v2\/product_tag?post=1350"}],"curies":[{"name":"wp","href":"https:\/\/api.w.org\/{rel}","templated":true}]}}