{"id":1354,"date":"2024-04-10T20:52:54","date_gmt":"2024-04-10T12:52:54","guid":{"rendered":"http:\/\/aoltextiles.com\/?post_type=product&#038;p=1354"},"modified":"2024-04-10T20:52:54","modified_gmt":"2024-04-10T12:52:54","slug":"pvc-coated-polyester-mesh-fabric","status":"publish","type":"product","link":"https:\/\/aoltextiles.com\/fr\/product\/pvc-coated-polyester-mesh-fabric\/","title":{"rendered":"Tissu en maille de polyester enduit de PVC"},"content":{"rendered":"<p>Le tissu en maille de polyester enduit de PVC est la r\u00e9f\u00e9rence en mati\u00e8re de textiles d'ext\u00e9rieur.<\/p>\n<p>Gr\u00e2ce \u00e0 sa solidit\u00e9 et \u00e0 sa r\u00e9sistance aux intemp\u00e9ries remarquables, ce tissu est parfait pour les applications exigeant une durabilit\u00e9 maximale, de l'ameublement marin au mobilier d'ext\u00e9rieur, offrant une beaut\u00e9 et des performances durables dans des environnements exigeants.<\/p>","protected":false},"excerpt":{"rendered":"<p>La r\u00e9f\u00e9rence en mati\u00e8re de technologie des tissus d'ext\u00e9rieur.<\/p>","protected":false},"featured_media":1177,"template":"","meta":{"_seopress_robots_primary_cat":"","_seopress_titles_title":"","_seopress_titles_desc":"","_seopress_robots_index":""},"product_cat":[21],"product_tag":[],"class_list":{"0":"post-1354","1":"product","2":"type-product","3":"status-publish","4":"has-post-thumbnail","6":"product_cat-pvc-woven-mesh","8":"first","9":"instock","10":"shipping-taxable","11":"product-type-simple"},"_links":{"self":[{"href":"https:\/\/aoltextiles.com\/fr\/wp-json\/wp\/v2\/product\/1354","targetHints":{"allow":["GET"]}}],"collection":[{"href":"https:\/\/aoltextiles.com\/fr\/wp-json\/wp\/v2\/product"}],"about":[{"href":"https:\/\/aoltextiles.com\/fr\/wp-json\/wp\/v2\/types\/product"}],"version-history":[{"count":1,"href":"https:\/\/aoltextiles.com\/fr\/wp-json\/wp\/v2\/product\/1354\/revisions"}],"predecessor-version":[{"id":1357,"href":"https:\/\/aoltextiles.com\/fr\/wp-json\/wp\/v2\/product\/1354\/revisions\/1357"}],"wp:featuredmedia":[{"embeddable":true,"href":"https:\/\/aoltextiles.com\/fr\/wp-json\/wp\/v2\/media\/1177"}],"wp:attachment":[{"href":"https:\/\/aoltextiles.com\/fr\/wp-json\/wp\/v2\/media?parent=1354"}],"wp:term":[{"taxonomy":"product_cat","embeddable":true,"href":"https:\/\/aoltextiles.com\/fr\/wp-json\/wp\/v2\/product_cat?post=1354"},{"taxonomy":"product_tag","embeddable":true,"href":"https:\/\/aoltextiles.com\/fr\/wp-json\/wp\/v2\/product_tag?post=1354"}],"curies":[{"name":"wp","href":"https:\/\/api.w.org\/{rel}","templated":true}]}}