{"id":1380,"date":"2024-04-10T21:02:37","date_gmt":"2024-04-10T13:02:37","guid":{"rendered":"http:\/\/aoltextiles.com\/?post_type=product&#038;p=1380"},"modified":"2024-04-10T21:02:37","modified_gmt":"2024-04-10T13:02:37","slug":"pvc-coated-woven-polyester-mesh","status":"publish","type":"product","link":"https:\/\/aoltextiles.com\/fr\/product\/pvc-coated-woven-polyester-mesh\/","title":{"rendered":"Maille polyester tiss\u00e9e enduite de PVC"},"content":{"rendered":"<p>La maille polyester tiss\u00e9e enduite de PVC est le choix ultime pour les applications ext\u00e9rieures exigeant le plus haut niveau de durabilit\u00e9. Qu'il s'agisse d'un usage maritime, de mobilier ext\u00e9rieur ou de rev\u00eatements de protection, ce tissu offre une r\u00e9sistance exceptionnelle \u00e0 la d\u00e9chirure, aux dommages caus\u00e9s par les UV et aux intemp\u00e9ries, ce qui garantit des performances optimales dans toutes les situations.<\/p>","protected":false},"excerpt":{"rendered":"<p>R\u00e9sistance in\u00e9gal\u00e9e pour les environnements difficiles.<\/p>","protected":false},"featured_media":1185,"template":"","meta":{"_seopress_robots_primary_cat":"","_seopress_titles_title":"","_seopress_titles_desc":"","_seopress_robots_index":""},"product_cat":[21],"product_tag":[],"class_list":{"0":"post-1380","1":"product","2":"type-product","3":"status-publish","4":"has-post-thumbnail","6":"product_cat-pvc-woven-mesh","8":"first","9":"instock","10":"shipping-taxable","11":"product-type-simple"},"_links":{"self":[{"href":"https:\/\/aoltextiles.com\/fr\/wp-json\/wp\/v2\/product\/1380","targetHints":{"allow":["GET"]}}],"collection":[{"href":"https:\/\/aoltextiles.com\/fr\/wp-json\/wp\/v2\/product"}],"about":[{"href":"https:\/\/aoltextiles.com\/fr\/wp-json\/wp\/v2\/types\/product"}],"version-history":[{"count":2,"href":"https:\/\/aoltextiles.com\/fr\/wp-json\/wp\/v2\/product\/1380\/revisions"}],"predecessor-version":[{"id":1385,"href":"https:\/\/aoltextiles.com\/fr\/wp-json\/wp\/v2\/product\/1380\/revisions\/1385"}],"wp:featuredmedia":[{"embeddable":true,"href":"https:\/\/aoltextiles.com\/fr\/wp-json\/wp\/v2\/media\/1185"}],"wp:attachment":[{"href":"https:\/\/aoltextiles.com\/fr\/wp-json\/wp\/v2\/media?parent=1380"}],"wp:term":[{"taxonomy":"product_cat","embeddable":true,"href":"https:\/\/aoltextiles.com\/fr\/wp-json\/wp\/v2\/product_cat?post=1380"},{"taxonomy":"product_tag","embeddable":true,"href":"https:\/\/aoltextiles.com\/fr\/wp-json\/wp\/v2\/product_tag?post=1380"}],"curies":[{"name":"wp","href":"https:\/\/api.w.org\/{rel}","templated":true}]}}