{"id":1389,"date":"2024-04-10T21:06:11","date_gmt":"2024-04-10T13:06:11","guid":{"rendered":"http:\/\/aoltextiles.com\/?post_type=product&#038;p=1389"},"modified":"2024-04-10T21:06:11","modified_gmt":"2024-04-10T13:06:11","slug":"pvc-coated-mesh-fabric-for-truck-trap","status":"publish","type":"product","link":"https:\/\/aoltextiles.com\/fr\/product\/pvc-coated-mesh-fabric-for-truck-trap\/","title":{"rendered":"Tissu maill\u00e9 enduit de PVC pour pi\u00e8ges \u00e0 camions"},"content":{"rendered":"<p>Ce tissu \u00e0 mailles enduit de PVC est con\u00e7u pour les trappes de camion, offrant un m\u00e9lange de robustesse, de flexibilit\u00e9 et de r\u00e9sistance aux intemp\u00e9ries. Il est con\u00e7u pour r\u00e9sister aux rigueurs du transport, garantissant la s\u00e9curit\u00e9 et l'int\u00e9grit\u00e9 du chargement.<\/p>","protected":false},"excerpt":{"rendered":"<p>Con\u00e7us pour \u00eatre r\u00e9sistants et fiables, ils sont essentiels pour s\u00e9curiser les chargements de camions.<\/p>","protected":false},"featured_media":1193,"template":"","meta":{"_seopress_robots_primary_cat":"","_seopress_titles_title":"","_seopress_titles_desc":"","_seopress_robots_index":""},"product_cat":[35],"product_tag":[],"class_list":{"0":"post-1389","1":"product","2":"type-product","3":"status-publish","4":"has-post-thumbnail","6":"product_cat-truck-cover-mesh","8":"first","9":"instock","10":"shipping-taxable","11":"product-type-simple"},"_links":{"self":[{"href":"https:\/\/aoltextiles.com\/fr\/wp-json\/wp\/v2\/product\/1389","targetHints":{"allow":["GET"]}}],"collection":[{"href":"https:\/\/aoltextiles.com\/fr\/wp-json\/wp\/v2\/product"}],"about":[{"href":"https:\/\/aoltextiles.com\/fr\/wp-json\/wp\/v2\/types\/product"}],"version-history":[{"count":1,"href":"https:\/\/aoltextiles.com\/fr\/wp-json\/wp\/v2\/product\/1389\/revisions"}],"predecessor-version":[{"id":1392,"href":"https:\/\/aoltextiles.com\/fr\/wp-json\/wp\/v2\/product\/1389\/revisions\/1392"}],"wp:featuredmedia":[{"embeddable":true,"href":"https:\/\/aoltextiles.com\/fr\/wp-json\/wp\/v2\/media\/1193"}],"wp:attachment":[{"href":"https:\/\/aoltextiles.com\/fr\/wp-json\/wp\/v2\/media?parent=1389"}],"wp:term":[{"taxonomy":"product_cat","embeddable":true,"href":"https:\/\/aoltextiles.com\/fr\/wp-json\/wp\/v2\/product_cat?post=1389"},{"taxonomy":"product_tag","embeddable":true,"href":"https:\/\/aoltextiles.com\/fr\/wp-json\/wp\/v2\/product_tag?post=1389"}],"curies":[{"name":"wp","href":"https:\/\/api.w.org\/{rel}","templated":true}]}}