{"id":1393,"date":"2024-04-10T21:07:21","date_gmt":"2024-04-10T13:07:21","guid":{"rendered":"http:\/\/aoltextiles.com\/?post_type=product&#038;p=1393"},"modified":"2024-04-10T21:07:21","modified_gmt":"2024-04-10T13:07:21","slug":"tarp-mesh-pvc-mesh","status":"publish","type":"product","link":"https:\/\/aoltextiles.com\/fr\/product\/tarp-mesh-pvc-mesh\/","title":{"rendered":"Maille de b\u00e2che Maille PVC"},"content":{"rendered":"<p>Tarp Mesh PVC Le filet se pose en d\u00e9fenseur de la cargaison, offrant une r\u00e9sistance contre les \u00e9l\u00e9ments et garantissant un transport en toute s\u00e9curit\u00e9.<\/p>\n<p>Id\u00e9al pour les housses de camion, c'est un choix fiable pour prot\u00e9ger les marchandises lors de chaque voyage.<\/p>","protected":false},"excerpt":{"rendered":"<p>Tarp Mesh PVC Mesh stands as a defender of cargo, offering resistance against the elements and ensuring safe transport. Ideal for truck covers, it&#8217;s the reliable choice for protecting goods on every journey.<\/p>","protected":false},"featured_media":1197,"template":"","meta":{"_seopress_robots_primary_cat":"","_seopress_titles_title":"","_seopress_titles_desc":"","_seopress_robots_index":""},"product_cat":[35],"product_tag":[],"class_list":{"0":"post-1393","1":"product","2":"type-product","3":"status-publish","4":"has-post-thumbnail","6":"product_cat-truck-cover-mesh","8":"first","9":"instock","10":"shipping-taxable","11":"product-type-simple"},"_links":{"self":[{"href":"https:\/\/aoltextiles.com\/fr\/wp-json\/wp\/v2\/product\/1393","targetHints":{"allow":["GET"]}}],"collection":[{"href":"https:\/\/aoltextiles.com\/fr\/wp-json\/wp\/v2\/product"}],"about":[{"href":"https:\/\/aoltextiles.com\/fr\/wp-json\/wp\/v2\/types\/product"}],"version-history":[{"count":1,"href":"https:\/\/aoltextiles.com\/fr\/wp-json\/wp\/v2\/product\/1393\/revisions"}],"predecessor-version":[{"id":1396,"href":"https:\/\/aoltextiles.com\/fr\/wp-json\/wp\/v2\/product\/1393\/revisions\/1396"}],"wp:featuredmedia":[{"embeddable":true,"href":"https:\/\/aoltextiles.com\/fr\/wp-json\/wp\/v2\/media\/1197"}],"wp:attachment":[{"href":"https:\/\/aoltextiles.com\/fr\/wp-json\/wp\/v2\/media?parent=1393"}],"wp:term":[{"taxonomy":"product_cat","embeddable":true,"href":"https:\/\/aoltextiles.com\/fr\/wp-json\/wp\/v2\/product_cat?post=1393"},{"taxonomy":"product_tag","embeddable":true,"href":"https:\/\/aoltextiles.com\/fr\/wp-json\/wp\/v2\/product_tag?post=1393"}],"curies":[{"name":"wp","href":"https:\/\/api.w.org\/{rel}","templated":true}]}}