{"id":1397,"date":"2024-04-10T21:13:52","date_gmt":"2024-04-10T13:13:52","guid":{"rendered":"http:\/\/aoltextiles.com\/?post_type=product&#038;p=1397"},"modified":"2024-04-10T21:13:52","modified_gmt":"2024-04-10T13:13:52","slug":"vinyl-coated-fabric-by-the-yard","status":"publish","type":"product","link":"https:\/\/aoltextiles.com\/fr\/product\/vinyl-coated-fabric-by-the-yard\/","title":{"rendered":"Tissu enduit de vinyle au m\u00e8tre"},"content":{"rendered":"<p>Ce tissu enduit de vinyle de haute qualit\u00e9 offre une durabilit\u00e9 et une polyvalence in\u00e9gal\u00e9es.<\/p>\n<p>Il est parfait pour une large gamme d'applications, y compris les meubles d'ext\u00e9rieur, la tapisserie marine et les rev\u00eatements industriels, offrant une excellente r\u00e9sistance \u00e0 l'eau, aux rayons UV et \u00e0 la moisissure.<\/p>","protected":false},"excerpt":{"rendered":"<p>Tissu enduit de vinyle de premi\u00e8re qualit\u00e9, con\u00e7u pour la durabilit\u00e9 et la polyvalence.<\/p>","protected":false},"featured_media":1241,"template":"","meta":{"_seopress_robots_primary_cat":"","_seopress_titles_title":"","_seopress_titles_desc":"","_seopress_robots_index":""},"product_cat":[23],"product_tag":[],"class_list":{"0":"post-1397","1":"product","2":"type-product","3":"status-publish","4":"has-post-thumbnail","6":"product_cat-inyl-coated-woven-polyester-mesh","8":"first","9":"instock","10":"shipping-taxable","11":"product-type-simple"},"_links":{"self":[{"href":"https:\/\/aoltextiles.com\/fr\/wp-json\/wp\/v2\/product\/1397","targetHints":{"allow":["GET"]}}],"collection":[{"href":"https:\/\/aoltextiles.com\/fr\/wp-json\/wp\/v2\/product"}],"about":[{"href":"https:\/\/aoltextiles.com\/fr\/wp-json\/wp\/v2\/types\/product"}],"version-history":[{"count":1,"href":"https:\/\/aoltextiles.com\/fr\/wp-json\/wp\/v2\/product\/1397\/revisions"}],"predecessor-version":[{"id":1400,"href":"https:\/\/aoltextiles.com\/fr\/wp-json\/wp\/v2\/product\/1397\/revisions\/1400"}],"wp:featuredmedia":[{"embeddable":true,"href":"https:\/\/aoltextiles.com\/fr\/wp-json\/wp\/v2\/media\/1241"}],"wp:attachment":[{"href":"https:\/\/aoltextiles.com\/fr\/wp-json\/wp\/v2\/media?parent=1397"}],"wp:term":[{"taxonomy":"product_cat","embeddable":true,"href":"https:\/\/aoltextiles.com\/fr\/wp-json\/wp\/v2\/product_cat?post=1397"},{"taxonomy":"product_tag","embeddable":true,"href":"https:\/\/aoltextiles.com\/fr\/wp-json\/wp\/v2\/product_tag?post=1397"}],"curies":[{"name":"wp","href":"https:\/\/api.w.org\/{rel}","templated":true}]}}