{"id":1410,"date":"2024-04-10T21:17:36","date_gmt":"2024-04-10T13:17:36","guid":{"rendered":"http:\/\/aoltextiles.com\/?post_type=product&#038;p=1410"},"modified":"2024-04-10T21:17:36","modified_gmt":"2024-04-10T13:17:36","slug":"vinyl-woven-mesh-fabric","status":"publish","type":"product","link":"https:\/\/aoltextiles.com\/fr\/product\/vinyl-woven-mesh-fabric\/","title":{"rendered":"Tissu \u00e0 mailles en vinyle"},"content":{"rendered":"<p>La maille tiss\u00e9e en vinyle est l'incarnation du luxe et de la durabilit\u00e9 pour les espaces ext\u00e9rieurs.<\/p>\n<p>Sa structure tiss\u00e9e serr\u00e9e lui permet de r\u00e9sister aux intemp\u00e9ries, ce qui le rend appropri\u00e9 pour les meubles d'ext\u00e9rieur haut de gamme, les abat-jour et les \u00e9l\u00e9ments d\u00e9coratifs.<\/p>","protected":false},"excerpt":{"rendered":"<p>Le choix d'une d\u00e9coration ext\u00e9rieure et d'une fonctionnalit\u00e9 haut de gamme.<\/p>","protected":false},"featured_media":1265,"template":"","meta":{"_seopress_robots_primary_cat":"","_seopress_titles_title":"","_seopress_titles_desc":"","_seopress_robots_index":""},"product_cat":[23],"product_tag":[],"class_list":{"0":"post-1410","1":"product","2":"type-product","3":"status-publish","4":"has-post-thumbnail","6":"product_cat-inyl-coated-woven-polyester-mesh","8":"first","9":"instock","10":"shipping-taxable","11":"product-type-simple"},"_links":{"self":[{"href":"https:\/\/aoltextiles.com\/fr\/wp-json\/wp\/v2\/product\/1410","targetHints":{"allow":["GET"]}}],"collection":[{"href":"https:\/\/aoltextiles.com\/fr\/wp-json\/wp\/v2\/product"}],"about":[{"href":"https:\/\/aoltextiles.com\/fr\/wp-json\/wp\/v2\/types\/product"}],"version-history":[{"count":1,"href":"https:\/\/aoltextiles.com\/fr\/wp-json\/wp\/v2\/product\/1410\/revisions"}],"predecessor-version":[{"id":1413,"href":"https:\/\/aoltextiles.com\/fr\/wp-json\/wp\/v2\/product\/1410\/revisions\/1413"}],"wp:featuredmedia":[{"embeddable":true,"href":"https:\/\/aoltextiles.com\/fr\/wp-json\/wp\/v2\/media\/1265"}],"wp:attachment":[{"href":"https:\/\/aoltextiles.com\/fr\/wp-json\/wp\/v2\/media?parent=1410"}],"wp:term":[{"taxonomy":"product_cat","embeddable":true,"href":"https:\/\/aoltextiles.com\/fr\/wp-json\/wp\/v2\/product_cat?post=1410"},{"taxonomy":"product_tag","embeddable":true,"href":"https:\/\/aoltextiles.com\/fr\/wp-json\/wp\/v2\/product_tag?post=1410"}],"curies":[{"name":"wp","href":"https:\/\/api.w.org\/{rel}","templated":true}]}}